{"id":150,"date":"2022-05-09T18:46:41","date_gmt":"2022-05-09T18:46:41","guid":{"rendered":"https:\/\/hotelgault.com\/?page_id=150"},"modified":"2026-02-18T21:29:22","modified_gmt":"2026-02-18T21:29:22","slug":"salles-reunion-vieux-montreal","status":"publish","type":"page","link":"https:\/\/hotelgault.com\/fr\/salles-reunion-vieux-montreal\/","title":{"rendered":"Meeting"},"content":{"rendered":"<div class=\"wpb-content-wrapper\"><p>[vc_row css_animation=\u00a0\u00bb\u00a0\u00bb row_type=\u00a0\u00bbrow\u00a0\u00bb use_row_as_full_screen_section=\u00a0\u00bbno\u00a0\u00bb type=\u00a0\u00bbfull_width\u00a0\u00bb angled_section=\u00a0\u00bbno\u00a0\u00bb text_align=\u00a0\u00bbleft\u00a0\u00bb background_image_as_pattern=\u00a0\u00bbwithout_pattern\u00a0\u00bb el_class=\u00a0\u00bbpage-banner\u00a0\u00bb z_index=\u00a0\u00bb\u00a0\u00bb][vc_column]\n\t\t\t<!-- START Banner  Meeting REVOLUTION SLIDER 6.7.38 --><p class=\"rs-p-wp-fix\"><\/p>\n\t\t\t<rs-module-wrap id=\"rev_slider_5_1_wrapper\" data-source=\"gallery\" style=\"visibility:hidden;background:transparent;padding:0;\">\n\t\t\t\t<rs-module id=\"rev_slider_5_1\" style=\"\" data-version=\"6.7.38\">\n\t\t\t\t\t<rs-slides style=\"overflow: hidden; position: absolute;\">\n\t\t\t\t\t\t<rs-slide style=\"position: absolute;\" data-key=\"rs-5\" data-title=\"Slide\" data-anim=\"adpr:false;\" data-in=\"o:0;\" data-out=\"a:false;\">\n\t\t\t\t\t\t\t<img decoding=\"async\" src=\"\/\/hotelgault.com\/wp-content\/plugins\/revslider\/sr6\/assets\/assets\/dummy.png\" alt=\"\" title=\"MEETING\" width=\"1920\" height=\"1080\" class=\"rev-slidebg tp-rs-img rs-lazyload\" data-lazyload=\"\/\/hotelgault.com\/wp-content\/uploads\/2022\/11\/MEETING.jpg\" data-panzoom=\"d:4000ms;e:sine.inOut;ss:110%;se:100;bs:0px;os:0px\/0;oe:0\/0px;\" data-no-retina>\n<!---->\t\t\t\t\t<\/rs-slide>\n\t\t\t\t\t<\/rs-slides>\n\t\t\t\t<\/rs-module>\n\t\t\t\t<script>\n\t\t\t\t\tsetREVStartSize({c: 'rev_slider_5_1',rl:[1240,1024,778,480],el:[900],gw:[1240],gh:[900],type:'hero',justify:'',layout:'fullscreen',offsetContainer:'',offset:'',mh:\"0\"});if (window.RS_MODULES!==undefined && window.RS_MODULES.modules!==undefined && window.RS_MODULES.modules[\"revslider51\"]!==undefined) {window.RS_MODULES.modules[\"revslider51\"].once = false;window.revapi5 = undefined;if (window.RS_MODULES.checkMinimal!==undefined) window.RS_MODULES.checkMinimal()}\n\t\t\t\t<\/script>\n\t\t\t<\/rs-module-wrap>\n\t\t\t<!-- END REVOLUTION SLIDER -->\n[\/vc_column][\/vc_row][vc_row css_animation=\u00a0\u00bb\u00a0\u00bb row_type=\u00a0\u00bbrow\u00a0\u00bb use_row_as_full_screen_section=\u00a0\u00bbno\u00a0\u00bb type=\u00a0\u00bbgrid\u00a0\u00bb angled_section=\u00a0\u00bbno\u00a0\u00bb text_align=\u00a0\u00bbleft\u00a0\u00bb background_image_as_pattern=\u00a0\u00bbwithout_pattern\u00a0\u00bb el_class=\u00a0\u00bbbanner-text\u00a0\u00bb z_index=\u00a0\u00bb\u00a0\u00bb el_id=\u00a0\u00bbbanner-meet\u00a0\u00bb][vc_column width=\u00a0\u00bb5\/12&Prime;][\/vc_column][vc_column width=\u00a0\u00bb7\/12&Prime;]<div class=\"qode-animation-holder element_from_top\"><div class=\"qode-animation-holder-inner\"  style=\"-webkit-animation-delay:.2s; animation-delay:.2s; -webkit-transition-delay:.2s; transition-delay:.2s\">[vc_column_text]<\/p>\n<h1>Vous planifiez une r\u00e9union, une conf\u00e9rence ou encore un <a href=\"https:\/\/hotelgault.com\/fr\/mariage-vieux-montreal\/\">\u00e9v\u00e9nement sp\u00e9cial<\/a>?<\/h1>\n<p>[\/vc_column_text]<\/div><\/div>[vc_empty_space height=\u00a0\u00bb30px\u00a0\u00bb]<div class=\"qode-animation-holder element_from_right\"><div class=\"qode-animation-holder-inner\"  style=\"-webkit-animation-delay:.4s; animation-delay:.4s; -webkit-transition-delay:.4s; transition-delay:.4s\">[vc_column_text css=\u00a0\u00bb\u00a0\u00bb]Largement fenestr\u00e9s, exposant des \u0153uvres d\u2019art \u00e0 l\u2019ann\u00e9e, les espaces Gault (restaurant, bar, biblioth\u00e8que, salles de r\u00e9unions, appartements) sont des lieux de rendez-vous pris\u00e9s par le Tout-Montr\u00e9al de la culture et des affaires, situ\u00e9 en plein coeur du Vieux-Montr\u00e9al. Ils sont \u00e9galement souvent sollicit\u00e9s pour des s\u00e9ances photo et vid\u00e9o, notamment des <a href=\"https:\/\/hotelgault.com\/fr\/mariage-vieux-montreal\/\">shootings de mariage<\/a> \u2014 contactez-nous pour en savoir plus.[\/vc_column_text]<\/div><\/div>[vc_empty_space height=\u00a0\u00bb\u00a0\u00bb el_class=\u00a0\u00bbspacer-big\u00a0\u00bb]<div class=\"qode-animation-holder element_from_bottom\"><div class=\"qode-animation-holder-inner\"  style=\"-webkit-animation-delay:.5s; animation-delay:.5s; -webkit-transition-delay:.5s; transition-delay:.5s\"><a  itemprop=\"url\" href=\"\/fr\/book-a-meeting-space\/\" target=\"_self\"  class=\"qbutton  default\" style=\"\">Demandez une soumission<\/a><a  itemprop=\"url\" href=\"https:\/\/hotelgault.com\/wp-content\/uploads\/2025\/10\/MENU-BANQUET-GAULT-2025-FR.pdf\" target=\"_blank\"  class=\"qbutton  default\" style=\"\">Menu Banquets<\/a><\/div><\/div>[\/vc_column][\/vc_row][vc_row css_animation=\u00a0\u00bb\u00a0\u00bb row_type=\u00a0\u00bbrow\u00a0\u00bb use_row_as_full_screen_section=\u00a0\u00bbno\u00a0\u00bb type=\u00a0\u00bbfull_width\u00a0\u00bb angled_section=\u00a0\u00bbno\u00a0\u00bb text_align=\u00a0\u00bbleft\u00a0\u00bb background_image_as_pattern=\u00a0\u00bbwithout_pattern\u00a0\u00bb el_class=\u00a0\u00bbsection-padded bg-green text-white\u00a0\u00bb z_index=\u00a0\u00bb\u00a0\u00bb el_id=\u00a0\u00bbgault-meet\u00a0\u00bb][vc_column][vc_row_inner row_type=\u00a0\u00bbrow\u00a0\u00bb type=\u00a0\u00bbgrid\u00a0\u00bb text_align=\u00a0\u00bbleft\u00a0\u00bb css_animation=\u00a0\u00bb\u00a0\u00bb el_class=\u00a0\u00bbmeet-row\u00a0\u00bb][vc_column_inner el_class=\u00a0\u00bbcol-photo\u00a0\u00bb width=\u00a0\u00bb1\/2&Prime;]<div class=\"qode-animation-holder element_from_left\"><div class=\"qode-animation-holder-inner\"  style=\"-webkit-animation-delay:.2s; animation-delay:.2s; -webkit-transition-delay:.2s; transition-delay:.2s\">[vc_single_image image=\u00a0\u00bb1885&Prime; img_size=\u00a0\u00bb600&#215;600&Prime; css=\u00a0\u00bb\u00a0\u00bb qode_css_animation=\u00a0\u00bb\u00a0\u00bb]<\/div><\/div>[\/vc_column_inner][vc_column_inner el_class=\u00a0\u00bbcol-text\u00a0\u00bb width=\u00a0\u00bb1\/2&Prime;]<div class=\"qode-animation-holder element_from_right\"><div class=\"qode-animation-holder-inner\"  style=\"-webkit-animation-delay:.4s; animation-delay:.4s; -webkit-transition-delay:.4s; transition-delay:.4s\">[vc_column_text]<\/p>\n<h2>Lobby<\/h2>\n<p>Espace o\u00f9 l\u2019architecture historique rencontre le design contemporain, le lobby convient parfaitement \u00e0 tous genres d\u2019\u00e9v\u00e9nements, corporatifs ou culturels.[\/vc_column_text][vc_column_text el_class=\u00a0\u00bbcapacity\u00a0\u00bb]Capacit\u00e9 : 150 personnes[\/vc_column_text]<\/div><\/div><div class=\"qode-animation-holder element_from_bottom\"><div class=\"qode-animation-holder-inner\"  style=\"-webkit-animation-delay:.5s; animation-delay:.5s; -webkit-transition-delay:.5s; transition-delay:.5s\"><a  itemprop=\"url\" href=\"\/fr\/book-a-meeting-space\/\" target=\"_self\"  class=\"qbutton  white default\" style=\"\">Obtenez un devis<\/a><\/div><\/div>[\/vc_column_inner][\/vc_row_inner][vc_row_inner row_type=\u00a0\u00bbrow\u00a0\u00bb type=\u00a0\u00bbgrid\u00a0\u00bb text_align=\u00a0\u00bbleft\u00a0\u00bb css_animation=\u00a0\u00bb\u00a0\u00bb el_class=\u00a0\u00bbmeet-row\u00a0\u00bb][vc_column_inner el_class=\u00a0\u00bbcol-photo\u00a0\u00bb width=\u00a0\u00bb1\/2&Prime;]<div class=\"qode-animation-holder element_from_left\"><div class=\"qode-animation-holder-inner\"  style=\"-webkit-animation-delay:.2s; animation-delay:.2s; -webkit-transition-delay:.2s; transition-delay:.2s\">[vc_raw_html]JTNDaWZyYW1lJTIwd2lkdGglM0QlMjc1NDAlMjclMjBoZWlnaHQlM0QlMjc1NDAlMjclMjBzcmMlM0QlMjdodHRwcyUzQSUyRiUyRm15Lm1hdHRlcnBvcnQuY29tJTJGc2hvdyUyRiUzRm0lM0RMOXF4d1p6UG0zSCUyNyUyMGZyYW1lYm9yZGVyJTNEJTI3MCUyNyUyMGFsbG93ZnVsbHNjcmVlbiUyMGFsbG93JTNEJTI3eHItc3BhdGlhbC10cmFja2luZyUyNyUzRSUzQyUyRmlmcmFtZSUzRQ==[\/vc_raw_html]<\/div><\/div>[\/vc_column_inner][vc_column_inner el_class=\u00a0\u00bbcol-text\u00a0\u00bb width=\u00a0\u00bb1\/2&Prime;]<div class=\"qode-animation-holder element_from_right\"><div class=\"qode-animation-holder-inner\"  style=\"-webkit-animation-delay:.4s; animation-delay:.4s; -webkit-transition-delay:.4s; transition-delay:.4s\">[vc_column_text]<\/p>\n<h2>Salle Gault<\/h2>\n<p>La salle Gault est le lieu id\u00e9al pour les r\u00e9unions d\u2019affaires et les rencontres des grands esprits.[\/vc_column_text][vc_column_text el_class=\u00a0\u00bbcapacity\u00a0\u00bb]Capacit\u00e9s :<\/p>\n<ul>\n<li>Forme en U : 24<\/li>\n<li>\u00c9cole : 20<\/li>\n<li>Conf\u00e9rence : 28<\/li>\n<\/ul>\n<p>[\/vc_column_text]<\/div><\/div><div class=\"qode-animation-holder element_from_bottom\"><div class=\"qode-animation-holder-inner\"  style=\"-webkit-animation-delay:.5s; animation-delay:.5s; -webkit-transition-delay:.5s; transition-delay:.5s\"><a  itemprop=\"url\" href=\"\/fr\/book-a-meeting-space\/\" target=\"_self\"  class=\"qbutton  white default\" style=\"\">Obtenez un devis<\/a><\/div><\/div>[\/vc_column_inner][\/vc_row_inner][vc_row_inner row_type=\u00a0\u00bbrow\u00a0\u00bb type=\u00a0\u00bbgrid\u00a0\u00bb text_align=\u00a0\u00bbleft\u00a0\u00bb css_animation=\u00a0\u00bb\u00a0\u00bb el_class=\u00a0\u00bbmeet-row\u00a0\u00bb][vc_column_inner el_class=\u00a0\u00bbcol-photo\u00a0\u00bb width=\u00a0\u00bb1\/2&Prime;]<div class=\"qode-animation-holder element_from_left\"><div class=\"qode-animation-holder-inner\"  style=\"-webkit-animation-delay:.2s; animation-delay:.2s; -webkit-transition-delay:.2s; transition-delay:.2s\">[vc_single_image image=\u00a0\u00bb981&Prime; img_size=\u00a0\u00bb600&#215;600&Prime; qode_css_animation=\u00a0\u00bb\u00a0\u00bb]<\/div><\/div>[\/vc_column_inner][vc_column_inner el_class=\u00a0\u00bbcol-text\u00a0\u00bb width=\u00a0\u00bb1\/2&Prime;]<div class=\"qode-animation-holder element_from_right\"><div class=\"qode-animation-holder-inner\"  style=\"-webkit-animation-delay:.4s; animation-delay:.4s; -webkit-transition-delay:.4s; transition-delay:.4s\">[vc_column_text]<\/p>\n<h2>Salle Frederick<\/h2>\n<p>La salle Frederick offre un cadre \u00e9l\u00e9gant et intime pour une r\u00e9union ou une discussion de groupe entre amis, coll\u00e8gues ou partenaires d\u2019affaires.[\/vc_column_text][vc_column_text el_class=\u00a0\u00bbcapacity\u00a0\u00bb]Capacit\u00e9s :<\/p>\n<ul>\n<li>Conf\u00e9rence : 10<\/li>\n<li>Forme en U : 8<\/li>\n<\/ul>\n<p>[\/vc_column_text]<\/div><\/div><div class=\"qode-animation-holder element_from_bottom\"><div class=\"qode-animation-holder-inner\"  style=\"-webkit-animation-delay:.5s; animation-delay:.5s; -webkit-transition-delay:.5s; transition-delay:.5s\"><a  itemprop=\"url\" href=\"\/fr\/book-a-meeting-space\/\" target=\"_self\"  class=\"qbutton  white default\" style=\"\">Obtenez un devis<\/a><\/div><\/div>[\/vc_column_inner][\/vc_row_inner][vc_row_inner row_type=\u00a0\u00bbrow\u00a0\u00bb type=\u00a0\u00bbgrid\u00a0\u00bb text_align=\u00a0\u00bbleft\u00a0\u00bb css_animation=\u00a0\u00bb\u00a0\u00bb el_class=\u00a0\u00bbmeet-row\u00a0\u00bb][vc_column_inner el_class=\u00a0\u00bbcol-photo\u00a0\u00bb width=\u00a0\u00bb1\/2&Prime;]<div class=\"qode-animation-holder element_from_left\"><div class=\"qode-animation-holder-inner\"  style=\"-webkit-animation-delay:.2s; animation-delay:.2s; -webkit-transition-delay:.2s; transition-delay:.2s\">[vc_single_image image=\u00a0\u00bb1891&Prime; img_size=\u00a0\u00bb600&#215;600&Prime; css=\u00a0\u00bb\u00a0\u00bb qode_css_animation=\u00a0\u00bb\u00a0\u00bb]<\/div><\/div>[\/vc_column_inner][vc_column_inner el_class=\u00a0\u00bbcol-text\u00a0\u00bb width=\u00a0\u00bb1\/2&Prime;]<div class=\"qode-animation-holder element_from_right\"><div class=\"qode-animation-holder-inner\"  style=\"-webkit-animation-delay:.4s; animation-delay:.4s; -webkit-transition-delay:.4s; transition-delay:.4s\">[vc_column_text]<\/p>\n<h2>Biblioth\u00e8que<\/h2>\n<p>Lumineuse et conviviale, notre biblioth\u00e8que \u00e0 aire ouverte propose une ambiance d\u00e9contract\u00e9e pour vos rencontres.[\/vc_column_text][vc_column_text el_class=\u00a0\u00bbcapacity\u00a0\u00bb]Capacit\u00e9 : 15 personnes[\/vc_column_text]<\/div><\/div><div class=\"qode-animation-holder element_from_bottom\"><div class=\"qode-animation-holder-inner\"  style=\"-webkit-animation-delay:.5s; animation-delay:.5s; -webkit-transition-delay:.5s; transition-delay:.5s\"><a  itemprop=\"url\" href=\"\/fr\/book-a-meeting-space\/\" target=\"_self\"  class=\"qbutton  white default\" style=\"\">Obtenez un devis<\/a><\/div><\/div>[\/vc_column_inner][\/vc_row_inner][vc_row_inner row_type=\u00a0\u00bbrow\u00a0\u00bb type=\u00a0\u00bbgrid\u00a0\u00bb text_align=\u00a0\u00bbleft\u00a0\u00bb css_animation=\u00a0\u00bb\u00a0\u00bb el_class=\u00a0\u00bbmeet-row\u00a0\u00bb][vc_column_inner el_class=\u00a0\u00bbcol-photo\u00a0\u00bb width=\u00a0\u00bb1\/2&Prime;]<div class=\"qode-animation-holder element_from_left\"><div class=\"qode-animation-holder-inner\"  style=\"-webkit-animation-delay:.2s; animation-delay:.2s; -webkit-transition-delay:.2s; transition-delay:.2s\">[vc_single_image image=\u00a0\u00bb2060&Prime; img_size=\u00a0\u00bb600&#215;600&Prime; css=\u00a0\u00bb\u00a0\u00bb qode_css_animation=\u00a0\u00bb\u00a0\u00bb]<\/div><\/div>[\/vc_column_inner][vc_column_inner el_class=\u00a0\u00bbcol-text\u00a0\u00bb width=\u00a0\u00bb1\/2&Prime;]<div class=\"qode-animation-holder element_from_right\"><div class=\"qode-animation-holder-inner\"  style=\"-webkit-animation-delay:.4s; animation-delay:.4s; -webkit-transition-delay:.4s; transition-delay:.4s\">[vc_column_text css=\u00a0\u00bb\u00a0\u00bb]<\/p>\n<h2>Appartement<\/h2>\n<p>Un cadre exceptionnel, aussi bien pour une r\u00e9union que pour une rencontre de groupe.<\/p>\n<p><strong><a href=\"https:\/\/hotelgault.com\/fr\/rooms\/apartments\/apartment\/\">En savoir plus&#8230;<\/a><\/strong>[\/vc_column_text][vc_column_text el_class=\u00a0\u00bbcapacity\u00a0\u00bb]Capacit\u00e9 : 6 personnes[\/vc_column_text]<\/div><\/div><div class=\"qode-animation-holder element_from_bottom\"><div class=\"qode-animation-holder-inner\"  style=\"-webkit-animation-delay:.5s; animation-delay:.5s; -webkit-transition-delay:.5s; transition-delay:.5s\"><a  itemprop=\"url\" href=\"\/fr\/book-a-meeting-space\/\" target=\"_self\"  class=\"qbutton  white default\" style=\"\">Obtenez un devis<\/a><\/div><\/div>[\/vc_column_inner][\/vc_row_inner][vc_row_inner row_type=\u00a0\u00bbrow\u00a0\u00bb type=\u00a0\u00bbgrid\u00a0\u00bb text_align=\u00a0\u00bbleft\u00a0\u00bb css_animation=\u00a0\u00bb\u00a0\u00bb el_class=\u00a0\u00bbmeet-row\u00a0\u00bb][vc_column_inner el_class=\u00a0\u00bbcol-photo\u00a0\u00bb width=\u00a0\u00bb1\/2&Prime;]<div class=\"qode-animation-holder element_from_left\"><div class=\"qode-animation-holder-inner\"  style=\"-webkit-animation-delay:.2s; animation-delay:.2s; -webkit-transition-delay:.2s; transition-delay:.2s\">[vc_single_image image=\u00a0\u00bb2048&Prime; img_size=\u00a0\u00bb600&#215;600&Prime; css=\u00a0\u00bb\u00a0\u00bb qode_css_animation=\u00a0\u00bb\u00a0\u00bb]<\/div><\/div>[\/vc_column_inner][vc_column_inner el_class=\u00a0\u00bbcol-text\u00a0\u00bb width=\u00a0\u00bb1\/2&Prime;]<div class=\"qode-animation-holder element_from_right\"><div class=\"qode-animation-holder-inner\"  style=\"-webkit-animation-delay:.4s; animation-delay:.4s; -webkit-transition-delay:.4s; transition-delay:.4s\">[vc_column_text css=\u00a0\u00bb\u00a0\u00bb]<\/p>\n<h2>Appartement Deluxe<\/h2>\n<p>La plus grande suite de l\u2019H\u00f4tel Gault offre l\u2019occasion d\u2019une r\u00e9union avec vue sur le vieux-montr\u00e9al, le tout agr\u00e9ment\u00e9 d\u2019une kitchenette, d\u2019une grande table de travail et d\u2019un coin salon.<\/p>\n<p><strong><a href=\"https:\/\/hotelgault.com\/fr\/rooms\/apartments\/appartement-deluxe\/\">En savoir plus&#8230;<\/a><\/strong>[\/vc_column_text][vc_column_text el_class=\u00a0\u00bbcapacity\u00a0\u00bb]Capacit\u00e9 : 10 personnes[\/vc_column_text]<\/div><\/div><div class=\"qode-animation-holder element_from_bottom\"><div class=\"qode-animation-holder-inner\"  style=\"-webkit-animation-delay:.5s; animation-delay:.5s; -webkit-transition-delay:.5s; transition-delay:.5s\"><a  itemprop=\"url\" href=\"\/fr\/book-a-meeting-space\/\" target=\"_self\"  class=\"qbutton  white default\" style=\"\">Obtenez un devis<\/a><\/div><\/div>[\/vc_column_inner][\/vc_row_inner][\/vc_column][\/vc_row]<\/p>\n<\/div><!-- AddThis Advanced Settings generic via filter on the_content --><!-- AddThis Share Buttons generic via filter on the_content -->","protected":false},"excerpt":{"rendered":"<p>[vc_row css_animation=\u00a0\u00bb\u00a0\u00bb row_type=\u00a0\u00bbrow\u00a0\u00bb use_row_as_full_screen_section=\u00a0\u00bbno\u00a0\u00bb type=\u00a0\u00bbfull_width\u00a0\u00bb angled_section=\u00a0\u00bbno\u00a0\u00bb text_align=\u00a0\u00bbleft\u00a0\u00bb background_image_as_pattern=\u00a0\u00bbwithout_pattern\u00a0\u00bb el_class=\u00a0\u00bbpage-banner\u00a0\u00bb z_index=\u00a0\u00bb\u00a0\u00bb][vc_column][\/vc_column][\/vc_row][vc_row css_animation=\u00a0\u00bb\u00a0\u00bb row_type=\u00a0\u00bbrow\u00a0\u00bb use_row_as_full_screen_section=\u00a0\u00bbno\u00a0\u00bb type=\u00a0\u00bbgrid\u00a0\u00bb angled_section=\u00a0\u00bbno\u00a0\u00bb text_align=\u00a0\u00bbleft\u00a0\u00bb background_image_as_pattern=\u00a0\u00bbwithout_pattern\u00a0\u00bb el_class=\u00a0\u00bbbanner-text\u00a0\u00bb z_index=\u00a0\u00bb\u00a0\u00bb el_id=\u00a0\u00bbbanner-meet\u00a0\u00bb][vc_column width=\u00a0\u00bb5\/12&Prime;][\/vc_column][vc_column width=\u00a0\u00bb7\/12&Prime;][vc_empty_space height=\u00a0\u00bb30px\u00a0\u00bb][vc_empty_space height=\u00a0\u00bb\u00a0\u00bb el_class=\u00a0\u00bbspacer-big\u00a0\u00bb][\/vc_column][\/vc_row][vc_row css_animation=\u00a0\u00bb\u00a0\u00bb row_type=\u00a0\u00bbrow\u00a0\u00bb use_row_as_full_screen_section=\u00a0\u00bbno\u00a0\u00bb type=\u00a0\u00bbfull_width\u00a0\u00bb angled_section=\u00a0\u00bbno\u00a0\u00bb text_align=\u00a0\u00bbleft\u00a0\u00bb background_image_as_pattern=\u00a0\u00bbwithout_pattern\u00a0\u00bb el_class=\u00a0\u00bbsection-padded bg-green text-white\u00a0\u00bb z_index=\u00a0\u00bb\u00a0\u00bb el_id=\u00a0\u00bbgault-meet\u00a0\u00bb][vc_column][vc_row_inner row_type=\u00a0\u00bbrow\u00a0\u00bb type=\u00a0\u00bbgrid\u00a0\u00bb text_align=\u00a0\u00bbleft\u00a0\u00bb css_animation=\u00a0\u00bb\u00a0\u00bb el_class=\u00a0\u00bbmeet-row\u00a0\u00bb][vc_column_inner el_class=\u00a0\u00bbcol-photo\u00a0\u00bb width=\u00a0\u00bb1\/2&Prime;][\/vc_column_inner][vc_column_inner el_class=\u00a0\u00bbcol-text\u00a0\u00bb&#8230;<!-- AddThis Advanced Settings generic via filter on get_the_excerpt --><!-- AddThis Share Buttons generic via filter on get_the_excerpt --><\/p>\n","protected":false},"author":1,"featured_media":0,"parent":0,"menu_order":0,"comment_status":"closed","ping_status":"open","template":"full_width.php","meta":{"_acf_changed":false,"footnotes":""},"class_list":["post-150","page","type-page","status-publish","hentry"],"acf":[],"_links":{"self":[{"href":"https:\/\/hotelgault.com\/fr\/wp-json\/wp\/v2\/pages\/150","targetHints":{"allow":["GET"]}}],"collection":[{"href":"https:\/\/hotelgault.com\/fr\/wp-json\/wp\/v2\/pages"}],"about":[{"href":"https:\/\/hotelgault.com\/fr\/wp-json\/wp\/v2\/types\/page"}],"author":[{"embeddable":true,"href":"https:\/\/hotelgault.com\/fr\/wp-json\/wp\/v2\/users\/1"}],"replies":[{"embeddable":true,"href":"https:\/\/hotelgault.com\/fr\/wp-json\/wp\/v2\/comments?post=150"}],"version-history":[{"count":0,"href":"https:\/\/hotelgault.com\/fr\/wp-json\/wp\/v2\/pages\/150\/revisions"}],"wp:attachment":[{"href":"https:\/\/hotelgault.com\/fr\/wp-json\/wp\/v2\/media?parent=150"}],"curies":[{"name":"wp","href":"https:\/\/api.w.org\/{rel}","templated":true}]}}