{"id":1537,"date":"2024-06-19T16:00:52","date_gmt":"2024-06-19T16:00:52","guid":{"rendered":"https:\/\/hotelgault.com\/?page_id=1537"},"modified":"2026-01-27T19:31:00","modified_gmt":"2026-01-27T19:31:00","slug":"blog-fr","status":"publish","type":"page","link":"https:\/\/hotelgault.com\/fr\/blog-fr\/","title":{"rendered":"Blog"},"content":{"rendered":"<div class=\"wpb-content-wrapper\"><p>[vc_row css_animation=\u00a0\u00bb\u00a0\u00bb row_type=\u00a0\u00bbrow\u00a0\u00bb use_row_as_full_screen_section=\u00a0\u00bbno\u00a0\u00bb type=\u00a0\u00bbfull_width\u00a0\u00bb angled_section=\u00a0\u00bbno\u00a0\u00bb text_align=\u00a0\u00bbleft\u00a0\u00bb background_image_as_pattern=\u00a0\u00bbwithout_pattern\u00a0\u00bb el_class=\u00a0\u00bbpage-banner\u00a0\u00bb z_index=\u00a0\u00bb\u00a0\u00bb][vc_column]\n\t\t\t<!-- START Banner  Blog REVOLUTION SLIDER 6.7.38 --><p class=\"rs-p-wp-fix\"><\/p>\n\t\t\t<rs-module-wrap id=\"rev_slider_18_1_wrapper\" data-source=\"gallery\" style=\"visibility:hidden;background:transparent;padding:0;\">\n\t\t\t\t<rs-module id=\"rev_slider_18_1\" style=\"\" data-version=\"6.7.38\">\n\t\t\t\t\t<rs-slides style=\"overflow: hidden; position: absolute;\">\n\t\t\t\t\t\t<rs-slide style=\"position: absolute;\" data-key=\"rs-20\" data-title=\"Slide\" data-anim=\"adpr:false;\" data-in=\"o:0;\" data-out=\"a:false;\">\n\t\t\t\t\t\t\t<img decoding=\"async\" src=\"\/\/hotelgault.com\/wp-content\/plugins\/revslider\/sr6\/assets\/assets\/dummy.png\" alt=\"\" title=\"IMG_8142\" width=\"2048\" height=\"1365\" class=\"rev-slidebg tp-rs-img rs-lazyload\" data-lazyload=\"\/\/hotelgault.com\/wp-content\/uploads\/2026\/02\/IMG_8142.jpg\" data-panzoom=\"d:4000ms;e:sine.inOut;ss:110%;se:100;bs:0px;os:0px\/0;oe:0\/0px;\" data-no-retina>\n<!---->\t\t\t\t\t<\/rs-slide>\n\t\t\t\t\t<\/rs-slides>\n\t\t\t\t<\/rs-module>\n\t\t\t\t<script>\n\t\t\t\t\tsetREVStartSize({c: 'rev_slider_18_1',rl:[1240,1024,778,480],el:[900],gw:[1240],gh:[900],type:'hero',justify:'',layout:'fullscreen',offsetContainer:'',offset:'',mh:\"0\"});if (window.RS_MODULES!==undefined && window.RS_MODULES.modules!==undefined && window.RS_MODULES.modules[\"revslider181\"]!==undefined) {window.RS_MODULES.modules[\"revslider181\"].once = false;window.revapi18 = undefined;if (window.RS_MODULES.checkMinimal!==undefined) window.RS_MODULES.checkMinimal()}\n\t\t\t\t<\/script>\n\t\t\t<\/rs-module-wrap>\n\t\t\t<!-- END REVOLUTION SLIDER -->\n[\/vc_column][\/vc_row][vc_row css_animation=\u00a0\u00bb\u00a0\u00bb row_type=\u00a0\u00bbrow\u00a0\u00bb use_row_as_full_screen_section=\u00a0\u00bbno\u00a0\u00bb type=\u00a0\u00bbgrid\u00a0\u00bb angled_section=\u00a0\u00bbno\u00a0\u00bb text_align=\u00a0\u00bbleft\u00a0\u00bb background_image_as_pattern=\u00a0\u00bbwithout_pattern\u00a0\u00bb el_class=\u00a0\u00bbbanner-text\u00a0\u00bb z_index=\u00a0\u00bb\u00a0\u00bb][vc_column width=\u00a0\u00bb5\/12&Prime;][\/vc_column][vc_column width=\u00a0\u00bb7\/12&Prime;]<div class=\"qode-animation-holder element_from_top\"><div class=\"qode-animation-holder-inner\"  style=\"-webkit-animation-delay:.2s; animation-delay:.2s; -webkit-transition-delay:.2s; transition-delay:.2s\">[vc_column_text]<\/p>\n<h1>Blog<\/h1>\n<p>[\/vc_column_text]<\/div><\/div>[vc_empty_space height=\u00a0\u00bb30px\u00a0\u00bb]<div class=\"qode-animation-holder element_from_right\"><div class=\"qode-animation-holder-inner\"  style=\"-webkit-animation-delay:.4s; animation-delay:.4s; -webkit-transition-delay:.4s; transition-delay:.4s\">[vc_column_text]Restez au courant des derni\u00e8res mises \u00e0 jour de l&rsquo;H\u00f4tel Gault. Sur cette page, vous trouverez toutes les nouvelles de l&rsquo;h\u00f4tel et des conseils pour profiter au maximum de votre s\u00e9jour. Consultez-la maintenant ![\/vc_column_text]<\/div><\/div>[\/vc_column][\/vc_row][vc_row css_animation=\u00a0\u00bb\u00a0\u00bb row_type=\u00a0\u00bbrow\u00a0\u00bb use_row_as_full_screen_section=\u00a0\u00bbno\u00a0\u00bb type=\u00a0\u00bbgrid\u00a0\u00bb angled_section=\u00a0\u00bbno\u00a0\u00bb text_align=\u00a0\u00bbleft\u00a0\u00bb background_image_as_pattern=\u00a0\u00bbwithout_pattern\u00a0\u00bb el_class=\u00a0\u00bbsection-padded bottom-only\u00a0\u00bb z_index=\u00a0\u00bb\u00a0\u00bb el_id=\u00a0\u00bbpost-grid\u00a0\u00bb][vc_column css_animation=\u00a0\u00bbfadeIn\u00a0\u00bb][vc_column_text]<div class=\"pt-cv-wrapper\"><div class=\"pt-cv-view pt-cv-grid pt-cv-colsys pt-cv-same-height pt-cv-pgregular\" id=\"pt-cv-view-143a567yzl\"><div data-id=\"pt-cv-page-1\" class=\"pt-cv-page\" data-cvc=\"3\" data-cvct=\"3\" data-cvcm=\"1\"><div class=\"col-md-4 col-sm-4 col-xs-12 pt-cv-content-item pt-cv-1-col\"  data-pid=\"2249\"><div class='pt-cv-ifield'><a href=\"https:\/\/hotelgault.com\/fr\/top-5-des-meilleurs-musees-de-montreal\/\" class=\"_self pt-cv-href-thumbnail pt-cv-thumb-default cvplbd cvp-responsive-image img-none\" target=\"_self\" data-iw=\"370\" data-ih=\"250\"><img loading=\"lazy\" decoding=\"async\" width=\"1500\" height=\"844\" src=\"https:\/\/hotelgault.com\/wp-content\/uploads\/2024\/06\/53822-Credit-FR-\u00a9-Musee-McCord-Stewart-Roger-Aziz-EN-Credit-\u00a9-Musee-McCord-Stewart-Roger-Aziz.jpg\" class=\"pt-cv-thumbnail img-none skip-lazy \" alt=\"Mus\u00e9e McCord Stewart\" data-no-lazy=\"1\" \/><\/a>\n<h4 class=\"pt-cv-title\"><a href=\"https:\/\/hotelgault.com\/fr\/top-5-des-meilleurs-musees-de-montreal\/\" class=\"_self cvplbd\" target=\"_self\" data-iw=\"370\" data-ih=\"250\">Top 5 des Meilleurs Mus\u00e9es de Montr\u00e9al<\/a><\/h4>\n<div class=\"pt-cv-content\">D\u00e9couvrez notre top 5 des meilleurs mus\u00e9es de Montr\u00e9al ...<br \/><div class=\"pt-cv-rmwrap\"><a href=\"https:\/\/hotelgault.com\/fr\/top-5-des-meilleurs-musees-de-montreal\/\" class=\"_self pt-cv-readmore btn btn-success cvplbd\" target=\"_self\" data-iw=\"370\" data-ih=\"250\">D\u00e9tails<\/a><\/div><\/div><\/div><\/div>\n<div class=\"col-md-4 col-sm-4 col-xs-12 pt-cv-content-item pt-cv-1-col\"  data-pid=\"2231\"><div class='pt-cv-ifield'><a href=\"https:\/\/hotelgault.com\/fr\/les-meilleurs-endroits-pour-bruncher-dans-le-vieux-montreal\/\" class=\"_self pt-cv-href-thumbnail pt-cv-thumb-default cvplbd cvp-responsive-image img-none\" target=\"_self\" data-iw=\"370\" data-ih=\"250\"><img loading=\"lazy\" decoding=\"async\" width=\"1920\" height=\"1080\" src=\"https:\/\/hotelgault.com\/wp-content\/uploads\/2026\/02\/LOBBY.png\" class=\"pt-cv-thumbnail img-none skip-lazy \" alt=\"Restaurant Gault, Brunch dans le Vieux- Montr\u00e9al\" data-no-lazy=\"1\" \/><\/a>\n<h4 class=\"pt-cv-title\"><a href=\"https:\/\/hotelgault.com\/fr\/les-meilleurs-endroits-pour-bruncher-dans-le-vieux-montreal\/\" class=\"_self cvplbd\" target=\"_self\" data-iw=\"370\" data-ih=\"250\">Les Meilleurs Endroits pour Bruncher dans le Vieux-Montr\u00e9al<\/a><\/h4>\n<div class=\"pt-cv-content\">\u00c0 la recherche du meilleur brunch dans le Vieux-Montr\u00e9al ? D\u00e9couvrez notre top 5, des caf\u00e9s aux restaurants raffin\u00e9s ...<br \/><div class=\"pt-cv-rmwrap\"><a href=\"https:\/\/hotelgault.com\/fr\/les-meilleurs-endroits-pour-bruncher-dans-le-vieux-montreal\/\" class=\"_self pt-cv-readmore btn btn-success cvplbd\" target=\"_self\" data-iw=\"370\" data-ih=\"250\">D\u00e9tails<\/a><\/div><\/div><\/div><\/div>\n<div class=\"col-md-4 col-sm-4 col-xs-12 pt-cv-content-item pt-cv-1-col\"  data-pid=\"1979\"><div class='pt-cv-ifield'><a href=\"https:\/\/hotelgault.com\/fr\/decembre-a-montreal-guide-des-fetes-de-lhotel-gault\/\" class=\"_self pt-cv-href-thumbnail pt-cv-thumb-default cvplbd cvp-responsive-image img-none\" target=\"_self\" data-iw=\"370\" data-ih=\"250\"><img loading=\"lazy\" decoding=\"async\" width=\"1920\" height=\"1080\" src=\"https:\/\/hotelgault.com\/wp-content\/uploads\/2023\/10\/HOME-1.png\" class=\"pt-cv-thumbnail img-none skip-lazy \" alt=\"Christmas Old Montreal\" data-no-lazy=\"1\" \/><\/a>\n<h4 class=\"pt-cv-title\"><a href=\"https:\/\/hotelgault.com\/fr\/decembre-a-montreal-guide-des-fetes-de-lhotel-gault\/\" class=\"_self cvplbd\" target=\"_self\" data-iw=\"370\" data-ih=\"250\">D\u00e9cembre \u00e0 Montr\u00e9al : Guide des f\u00eates de l\u2019H\u00f4tel Gault<\/a><\/h4>\n<div class=\"pt-cv-content\">D\u00e9couvrez le guide de l'H\u00f4tel Gault des incontournables des f\u00eates de fin d'ann\u00e9e \u00e0 Montr\u00e9al ...<br \/><div class=\"pt-cv-rmwrap\"><a href=\"https:\/\/hotelgault.com\/fr\/decembre-a-montreal-guide-des-fetes-de-lhotel-gault\/\" class=\"_self pt-cv-readmore btn btn-success cvplbd\" target=\"_self\" data-iw=\"370\" data-ih=\"250\">D\u00e9tails<\/a><\/div><\/div><\/div><\/div>\n<div class=\"col-md-4 col-sm-4 col-xs-12 pt-cv-content-item pt-cv-1-col\"  data-pid=\"1960\"><div class='pt-cv-ifield'><a href=\"https:\/\/hotelgault.com\/fr\/quoi-faire-a-montreal-en-automne\/\" class=\"_self pt-cv-href-thumbnail pt-cv-thumb-default cvplbd cvp-responsive-image img-none\" target=\"_self\" data-iw=\"370\" data-ih=\"250\"><img loading=\"lazy\" decoding=\"async\" width=\"1400\" height=\"1080\" src=\"https:\/\/hotelgault.com\/wp-content\/uploads\/2023\/09\/PHOTOS-SYNXIS-1.png\" class=\"pt-cv-thumbnail img-none skip-lazy \" alt=\"Automne \u00e0 Montr\u00e9al\" data-no-lazy=\"1\" \/><\/a>\n<h4 class=\"pt-cv-title\"><a href=\"https:\/\/hotelgault.com\/fr\/quoi-faire-a-montreal-en-automne\/\" class=\"_self cvplbd\" target=\"_self\" data-iw=\"370\" data-ih=\"250\">Quoi faire \u00e0 Montr\u00e9al en Automne ?<\/a><\/h4>\n<div class=\"pt-cv-content\">D\u00e9couvrez le guide de l'H\u00f4tel Gault des incontournables de l'automne \u00e0 Montr\u00e9al ...<br \/><div class=\"pt-cv-rmwrap\"><a href=\"https:\/\/hotelgault.com\/fr\/quoi-faire-a-montreal-en-automne\/\" class=\"_self pt-cv-readmore btn btn-success cvplbd\" target=\"_self\" data-iw=\"370\" data-ih=\"250\">D\u00e9tails<\/a><\/div><\/div><\/div><\/div>\n<div class=\"col-md-4 col-sm-4 col-xs-12 pt-cv-content-item pt-cv-1-col\"  data-pid=\"1947\"><div class='pt-cv-ifield'><a href=\"https:\/\/hotelgault.com\/fr\/les-8-meilleurs-endroits-pour-diner-a-montreal-a-deux-pas-de-lhotel-gault\/\" class=\"_self pt-cv-href-thumbnail pt-cv-thumb-default cvplbd cvp-responsive-image img-none\" target=\"_self\" data-iw=\"370\" data-ih=\"250\"><img loading=\"lazy\" decoding=\"async\" width=\"2048\" height=\"1365\" src=\"https:\/\/hotelgault.com\/wp-content\/uploads\/2025\/09\/IMG_4368.jpg\" class=\"pt-cv-thumbnail img-none skip-lazy \" alt=\"Restaurant Fusion France-Qu\u00e9bec Mon\u00e8me\" data-no-lazy=\"1\" \/><\/a>\n<h4 class=\"pt-cv-title\"><a href=\"https:\/\/hotelgault.com\/fr\/les-8-meilleurs-endroits-pour-diner-a-montreal-a-deux-pas-de-lhotel-gault\/\" class=\"_self cvplbd\" target=\"_self\" data-iw=\"370\" data-ih=\"250\">Les 8 Meilleurs Endroits Pour D\u00eener \u00c0 Montr\u00e9al : \u00c0 Deux Pas de l\u2019H\u00f4tel Gault<\/a><\/h4>\n<div class=\"pt-cv-content\">D\u00e9couvrez les meilleurs endroits pour d\u00eener pr\u00e8s de l'H\u00f4tel Gault \u00e0 Montr\u00e9al ! De la cuisine fran\u00e7aise au Mon\u00e8me aux ...<br \/><div class=\"pt-cv-rmwrap\"><a href=\"https:\/\/hotelgault.com\/fr\/les-8-meilleurs-endroits-pour-diner-a-montreal-a-deux-pas-de-lhotel-gault\/\" class=\"_self pt-cv-readmore btn btn-success cvplbd\" target=\"_self\" data-iw=\"370\" data-ih=\"250\">D\u00e9tails<\/a><\/div><\/div><\/div><\/div>\n<div class=\"col-md-4 col-sm-4 col-xs-12 pt-cv-content-item pt-cv-1-col\"  data-pid=\"1907\"><div class='pt-cv-ifield'><a href=\"https:\/\/hotelgault.com\/fr\/top-10-des-galeries-dart-a-visiter-dans-le-vieux-montreal\/\" class=\"_self pt-cv-href-thumbnail pt-cv-thumb-default cvplbd cvp-responsive-image img-none\" target=\"_self\" data-iw=\"370\" data-ih=\"250\"><img loading=\"lazy\" decoding=\"async\" width=\"1223\" height=\"641\" src=\"https:\/\/hotelgault.com\/wp-content\/uploads\/2025\/06\/Galerie-Wishbone.png\" class=\"pt-cv-thumbnail img-none skip-lazy \" alt=\"Top 10 des galeries d\u2019art \u00e0 visiter dans le Vieux-Montr\u00e9al\" data-no-lazy=\"1\" \/><\/a>\n<h4 class=\"pt-cv-title\"><a href=\"https:\/\/hotelgault.com\/fr\/top-10-des-galeries-dart-a-visiter-dans-le-vieux-montreal\/\" class=\"_self cvplbd\" target=\"_self\" data-iw=\"370\" data-ih=\"250\">Top 10 des galeries d\u2019art \u00e0 visiter dans le Vieux-Montr\u00e9al<\/a><\/h4>\n<div class=\"pt-cv-content\">D\u00e9couvrez notre Top 10 des galeries d'art \u00e0 visiter \u00e0 proximit\u00e9 de l'H\u00f4tel Gault ...<br \/><div class=\"pt-cv-rmwrap\"><a href=\"https:\/\/hotelgault.com\/fr\/top-10-des-galeries-dart-a-visiter-dans-le-vieux-montreal\/\" class=\"_self pt-cv-readmore btn btn-success cvplbd\" target=\"_self\" data-iw=\"370\" data-ih=\"250\">D\u00e9tails<\/a><\/div><\/div><\/div><\/div><\/div><\/div>\n<div class=\"text-center pt-cv-pagination-wrapper\"><ul class=\"pt-cv-pagination pt-cv-ajax pagination\" data-totalpages=\"3\" data-currentpage=\"1\" data-sid=\"143a567yzl\" data-unid=\"\" data-isblock=\"\" data-postid=\"\"><li class=\"active\"><a href=\"#\">1<\/a><\/li>\n\t<li ><a class=\"\" href=\"https:\/\/hotelgault.com\/fr\/wp-json\/wp\/v2\/pages\/1537\/?_page=2\">2<\/a><\/li>\n\t<li ><a class=\"\" href=\"https:\/\/hotelgault.com\/fr\/wp-json\/wp\/v2\/pages\/1537\/?_page=3\">3<\/a><\/li>\n\t<li ><a class=\" \" href=\"https:\/\/hotelgault.com\/fr\/wp-json\/wp\/v2\/pages\/1537\/?_page=2\">&rsaquo;<\/a><\/li>\n\t<\/ul><img loading=\"lazy\" decoding=\"async\" width=\"15\" height=\"15\" class=\"pt-cv-spinner\" alt=\"Chargement\u2026\" src=\"data:image\/gif;base64,R0lGODlhDwAPALMPAMrKygwMDJOTkz09PZWVla+vr3p6euTk5M7OzuXl5TMzMwAAAJmZmWZmZszMzP\/\/\/yH\/C05FVFNDQVBFMi4wAwEAAAAh+QQFCgAPACwAAAAADwAPAAAEQvDJaZaZOIcV8iQK8VRX4iTYoAwZ4iCYoAjZ4RxejhVNoT+mRGP4cyF4Pp0N98sBGIBMEMOotl6YZ3S61Bmbkm4mAgAh+QQFCgAPACwAAAAADQANAAAENPDJSRSZeA418itN8QiK8BiLITVsFiyBBIoYqnoewAD4xPw9iY4XLGYSjkQR4UAUD45DLwIAIfkEBQoADwAsAAAAAA8ACQAABC\/wyVlamTi3nSdgwFNdhEJgTJoNyoB9ISYoQmdjiZPcj7EYCAeCF1gEDo4Dz2eIAAAh+QQFCgAPACwCAAAADQANAAAEM\/DJBxiYeLKdX3IJZT1FU0iIg2RNKx3OkZVnZ98ToRD4MyiDnkAh6BkNC0MvsAj0kMpHBAAh+QQFCgAPACwGAAAACQAPAAAEMDC59KpFDll73HkAA2wVY5KgiK5b0RRoI6MuzG6EQqCDMlSGheEhUAgqgUUAFRySIgAh+QQFCgAPACwCAAIADQANAAAEM\/DJKZNLND\/kkKaHc3xk+QAMYDKsiaqmZCxGVjSFFCxB1vwy2oOgIDxuucxAMTAJFAJNBAAh+QQFCgAPACwAAAYADwAJAAAEMNAs86q1yaWwwv2Ig0jUZx3OYa4XoRAfwADXoAwfo1+CIjyFRuEho60aSNYlOPxEAAAh+QQFCgAPACwAAAIADQANAAAENPA9s4y8+IUVcqaWJ4qEQozSoAzoIyhCK2NFU2SJk0hNnyEOhKR2AzAAj4Pj4GE4W0bkJQIAOw==\" \/><div class=\"clear pt-cv-clear-pagination\"><\/div><\/div><\/div>\t\t\t<style type=\"text\/css\" id=\"pt-cv-inline-style-b0220a1aio\">#pt-cv-view-143a567yzl .pt-cv-title a, #pt-cv-view-143a567yzl  .panel-title { font-weight: 600 !important; }\n#pt-cv-view-143a567yzl .pt-cv-readmore  { color: #ffffff !important; background-color: #00aeef !important; }\n#pt-cv-view-143a567yzl .pt-cv-readmore:hover  { color: #ffffff !important; background-color: #00aeef !important; }\n#pt-cv-view-143a567yzl  + .pt-cv-pagination-wrapper .pt-cv-more , #pt-cv-view-143a567yzl  + .pt-cv-pagination-wrapper .pagination .active a, .pt-cv-pagination[data-sid='143a567yzl'] .active a { color: #ffffff !important; background-color: #00aeef !important; }\n#pt-cv-view-143a567yzl .cvp-responsive-image[style*=\"background-image\"] { width: 370px; max-height: 250px; overflow: hidden; aspect-ratio: 1.48 }\n#pt-cv-view-143a567yzl .cvp-responsive-image img { max-width: 370px; max-height: 250px; aspect-ratio: 1.48 }<\/style>\r\n\t\t\t[\/vc_column_text][\/vc_column][\/vc_row][vc_row css_animation=\u00a0\u00bb\u00a0\u00bb row_type=\u00a0\u00bbrow\u00a0\u00bb use_row_as_full_screen_section=\u00a0\u00bbno\u00a0\u00bb type=\u00a0\u00bbfull_width\u00a0\u00bb angled_section=\u00a0\u00bbno\u00a0\u00bb text_align=\u00a0\u00bbleft\u00a0\u00bb background_image_as_pattern=\u00a0\u00bbwithout_pattern\u00a0\u00bb el_class=\u00a0\u00bbsection-padded bg-indigo text-white\u00a0\u00bb z_index=\u00a0\u00bb\u00a0\u00bb el_id=\u00a0\u00bbcta-bar\u00a0\u00bb][vc_column][vc_row_inner row_type=\u00a0\u00bbrow\u00a0\u00bb type=\u00a0\u00bbgrid\u00a0\u00bb text_align=\u00a0\u00bbleft\u00a0\u00bb css_animation=\u00a0\u00bb\u00a0\u00bb][vc_column_inner el_class=\u00a0\u00bbcol-text\u00a0\u00bb width=\u00a0\u00bb1\/3&Prime;]<div class=\"qode-animation-holder element_from_left\"><div class=\"qode-animation-holder-inner\"  style=\"-webkit-animation-delay:.2s; animation-delay:.2s; -webkit-transition-delay:.2s; transition-delay:.2s\">[vc_column_text]<\/p>\n<h2>Guide de Montr\u00e9al<\/h2>\n<p>\u00ab Grande m\u00e9tropole culturelle du Qu\u00e9bec, elle est festive, sophistiqu\u00e9e et charmeuse. Montr\u00e9al, c\u2019est notre ville, nous sommes impatients de vous la faire d\u00e9couvrir! \u00bb[\/vc_column_text]<\/div><\/div><div class=\"qode-animation-holder element_from_bottom\"><div class=\"qode-animation-holder-inner\"  style=\"-webkit-animation-delay:.5s; animation-delay:.5s; -webkit-transition-delay:.5s; transition-delay:.5s\"><a  itemprop=\"url\" href=\"\/fr\/city-guide\/\" target=\"_self\"  class=\"qbutton  white default\" style=\"\">En savoir plus<\/a><\/div><\/div>[\/vc_column_inner][vc_column_inner width=\u00a0\u00bb1\/12&Prime;][vc_empty_space][\/vc_column_inner][vc_column_inner el_class=\u00a0\u00bbcol-photo\u00a0\u00bb width=\u00a0\u00bb7\/12&Prime;]<div class=\"qode-animation-holder element_from_fade\"><div class=\"qode-animation-holder-inner\"  style=\"-webkit-animation-delay:.4s; animation-delay:.4s; -webkit-transition-delay:.4s; transition-delay:.4s\">[vc_single_image image=\u00a0\u00bb687&Prime; img_size=\u00a0\u00bbfull\u00a0\u00bb qode_css_animation=\u00a0\u00bb\u00a0\u00bb]<\/div><\/div>[\/vc_column_inner][\/vc_row_inner][\/vc_column][\/vc_row]<\/p>\n<\/div><!-- AddThis Advanced Settings generic via filter on the_content --><!-- AddThis Share Buttons generic via filter on the_content -->","protected":false},"excerpt":{"rendered":"<p>[vc_row css_animation=\u00a0\u00bb\u00a0\u00bb row_type=\u00a0\u00bbrow\u00a0\u00bb use_row_as_full_screen_section=\u00a0\u00bbno\u00a0\u00bb type=\u00a0\u00bbfull_width\u00a0\u00bb angled_section=\u00a0\u00bbno\u00a0\u00bb text_align=\u00a0\u00bbleft\u00a0\u00bb background_image_as_pattern=\u00a0\u00bbwithout_pattern\u00a0\u00bb el_class=\u00a0\u00bbpage-banner\u00a0\u00bb z_index=\u00a0\u00bb\u00a0\u00bb][vc_column][\/vc_column][\/vc_row][vc_row css_animation=\u00a0\u00bb\u00a0\u00bb row_type=\u00a0\u00bbrow\u00a0\u00bb use_row_as_full_screen_section=\u00a0\u00bbno\u00a0\u00bb type=\u00a0\u00bbgrid\u00a0\u00bb angled_section=\u00a0\u00bbno\u00a0\u00bb text_align=\u00a0\u00bbleft\u00a0\u00bb background_image_as_pattern=\u00a0\u00bbwithout_pattern\u00a0\u00bb el_class=\u00a0\u00bbbanner-text\u00a0\u00bb z_index=\u00a0\u00bb\u00a0\u00bb][vc_column width=\u00a0\u00bb5\/12&Prime;][\/vc_column][vc_column width=\u00a0\u00bb7\/12&Prime;][vc_empty_space height=\u00a0\u00bb30px\u00a0\u00bb][\/vc_column][\/vc_row][vc_row css_animation=\u00a0\u00bb\u00a0\u00bb row_type=\u00a0\u00bbrow\u00a0\u00bb use_row_as_full_screen_section=\u00a0\u00bbno\u00a0\u00bb type=\u00a0\u00bbgrid\u00a0\u00bb angled_section=\u00a0\u00bbno\u00a0\u00bb text_align=\u00a0\u00bbleft\u00a0\u00bb background_image_as_pattern=\u00a0\u00bbwithout_pattern\u00a0\u00bb el_class=\u00a0\u00bbsection-padded bottom-only\u00a0\u00bb z_index=\u00a0\u00bb\u00a0\u00bb el_id=\u00a0\u00bbpost-grid\u00a0\u00bb][vc_column css_animation=\u00a0\u00bbfadeIn\u00a0\u00bb][vc_column_text][\/vc_column_text][\/vc_column][\/vc_row][vc_row css_animation=\u00a0\u00bb\u00a0\u00bb row_type=\u00a0\u00bbrow\u00a0\u00bb use_row_as_full_screen_section=\u00a0\u00bbno\u00a0\u00bb type=\u00a0\u00bbfull_width\u00a0\u00bb angled_section=\u00a0\u00bbno\u00a0\u00bb text_align=\u00a0\u00bbleft\u00a0\u00bb background_image_as_pattern=\u00a0\u00bbwithout_pattern\u00a0\u00bb el_class=\u00a0\u00bbsection-padded bg-indigo text-white\u00a0\u00bb z_index=\u00a0\u00bb\u00a0\u00bb&#8230;<!-- AddThis Advanced Settings generic via filter on get_the_excerpt --><!-- AddThis Share Buttons generic via filter on get_the_excerpt --><\/p>\n","protected":false},"author":2,"featured_media":0,"parent":0,"menu_order":0,"comment_status":"closed","ping_status":"closed","template":"full_width.php","meta":{"_acf_changed":false,"footnotes":""},"class_list":["post-1537","page","type-page","status-publish","hentry"],"acf":[],"_links":{"self":[{"href":"https:\/\/hotelgault.com\/fr\/wp-json\/wp\/v2\/pages\/1537","targetHints":{"allow":["GET"]}}],"collection":[{"href":"https:\/\/hotelgault.com\/fr\/wp-json\/wp\/v2\/pages"}],"about":[{"href":"https:\/\/hotelgault.com\/fr\/wp-json\/wp\/v2\/types\/page"}],"author":[{"embeddable":true,"href":"https:\/\/hotelgault.com\/fr\/wp-json\/wp\/v2\/users\/2"}],"replies":[{"embeddable":true,"href":"https:\/\/hotelgault.com\/fr\/wp-json\/wp\/v2\/comments?post=1537"}],"version-history":[{"count":0,"href":"https:\/\/hotelgault.com\/fr\/wp-json\/wp\/v2\/pages\/1537\/revisions"}],"wp:attachment":[{"href":"https:\/\/hotelgault.com\/fr\/wp-json\/wp\/v2\/media?parent=1537"}],"curies":[{"name":"wp","href":"https:\/\/api.w.org\/{rel}","templated":true}]}}