{"id":196,"date":"2022-05-10T05:50:50","date_gmt":"2022-05-10T05:50:50","guid":{"rendered":"https:\/\/hotelgault.com\/?page_id=196"},"modified":"2026-02-18T16:08:16","modified_gmt":"2026-02-18T16:08:16","slug":"rooms","status":"publish","type":"page","link":"https:\/\/hotelgault.com\/fr\/rooms\/","title":{"rendered":"Rooms"},"content":{"rendered":"<div class=\"wpb-content-wrapper\"><p>[vc_row css_animation=\u00a0\u00bb\u00a0\u00bb row_type=\u00a0\u00bbrow\u00a0\u00bb use_row_as_full_screen_section=\u00a0\u00bbno\u00a0\u00bb type=\u00a0\u00bbfull_width\u00a0\u00bb angled_section=\u00a0\u00bbno\u00a0\u00bb text_align=\u00a0\u00bbleft\u00a0\u00bb background_image_as_pattern=\u00a0\u00bbwithout_pattern\u00a0\u00bb el_class=\u00a0\u00bbpage-banner\u00a0\u00bb z_index=\u00a0\u00bb\u00a0\u00bb][vc_column]\n\t\t\t<!-- START Banner  Rooms REVOLUTION SLIDER 6.7.38 --><p class=\"rs-p-wp-fix\"><\/p>\n\t\t\t<rs-module-wrap id=\"rev_slider_8_1_wrapper\" data-source=\"gallery\" style=\"visibility:hidden;background:transparent;padding:0;\">\n\t\t\t\t<rs-module id=\"rev_slider_8_1\" style=\"\" data-version=\"6.7.38\">\n\t\t\t\t\t<rs-slides style=\"overflow: hidden; position: absolute;\">\n\t\t\t\t\t\t<rs-slide style=\"position: absolute;\" data-key=\"rs-8\" data-title=\"Slide\" data-anim=\"adpr:false;\" data-in=\"o:0;\" data-out=\"a:false;\">\n\t\t\t\t\t\t\t<img decoding=\"async\" src=\"\/\/hotelgault.com\/wp-content\/plugins\/revslider\/sr6\/assets\/assets\/dummy.png\" alt=\"Suite Corner\" title=\"Suite Corner\" width=\"8192\" height=\"5464\" class=\"rev-slidebg tp-rs-img rs-lazyload\" data-lazyload=\"\/\/hotelgault.com\/wp-content\/uploads\/2026\/02\/HotelGault-StephaneGroleau-0794_B-V3.jpg\" data-panzoom=\"d:4000ms;e:sine.inOut;ss:110%;se:100;bs:0px;os:0px\/0;oe:0\/0px;\" data-no-retina>\n<!---->\t\t\t\t\t<\/rs-slide>\n\t\t\t\t\t<\/rs-slides>\n\t\t\t\t<\/rs-module>\n\t\t\t\t<script>\n\t\t\t\t\tsetREVStartSize({c: 'rev_slider_8_1',rl:[1240,1024,778,480],el:[900],gw:[1240],gh:[900],type:'hero',justify:'',layout:'fullscreen',offsetContainer:'',offset:'',mh:\"0\"});if (window.RS_MODULES!==undefined && window.RS_MODULES.modules!==undefined && window.RS_MODULES.modules[\"revslider81\"]!==undefined) {window.RS_MODULES.modules[\"revslider81\"].once = false;window.revapi8 = undefined;if (window.RS_MODULES.checkMinimal!==undefined) window.RS_MODULES.checkMinimal()}\n\t\t\t\t<\/script>\n\t\t\t<\/rs-module-wrap>\n\t\t\t<!-- END REVOLUTION SLIDER -->\n[\/vc_column][\/vc_row][vc_row css_animation=\u00a0\u00bb\u00a0\u00bb row_type=\u00a0\u00bbrow\u00a0\u00bb use_row_as_full_screen_section=\u00a0\u00bbno\u00a0\u00bb type=\u00a0\u00bbgrid\u00a0\u00bb angled_section=\u00a0\u00bbno\u00a0\u00bb text_align=\u00a0\u00bbleft\u00a0\u00bb background_image_as_pattern=\u00a0\u00bbwithout_pattern\u00a0\u00bb el_class=\u00a0\u00bbbanner-text\u00a0\u00bb z_index=\u00a0\u00bb\u00a0\u00bb el_id=\u00a0\u00bbbanner-meet\u00a0\u00bb][vc_column width=\u00a0\u00bb5\/12&Prime;][\/vc_column][vc_column width=\u00a0\u00bb7\/12&Prime;]<div class=\"qode-animation-holder element_from_top\"><div class=\"qode-animation-holder-inner\"  style=\"-webkit-animation-delay:.2s; animation-delay:.2s; -webkit-transition-delay:.2s; transition-delay:.2s\">[vc_column_text]<\/p>\n<h1>Du plus grand confort et d\u2019une \u00e9l\u00e9gance toute europ\u00e9enne<\/h1>\n<p>[\/vc_column_text]<\/div><\/div>[vc_empty_space height=\u00a0\u00bb30px\u00a0\u00bb]<div class=\"qode-animation-holder element_from_right\"><div class=\"qode-animation-holder-inner\"  style=\"-webkit-animation-delay:.4s; animation-delay:.4s; -webkit-transition-delay:.4s; transition-delay:.4s\">[vc_column_text css=\u00a0\u00bb\u00a0\u00bb]Nos chambres offrent des espaces variant de 350 \u00e0 1020 pieds carr\u00e9s (32-95 m2). D\u00e9couvrez-les ci-dessous.[\/vc_column_text]<\/div><\/div>[\/vc_column][\/vc_row][vc_row css_animation=\u00a0\u00bb\u00a0\u00bb row_type=\u00a0\u00bbrow\u00a0\u00bb use_row_as_full_screen_section=\u00a0\u00bbno\u00a0\u00bb type=\u00a0\u00bbfull_width\u00a0\u00bb angled_section=\u00a0\u00bbno\u00a0\u00bb text_align=\u00a0\u00bbleft\u00a0\u00bb background_image_as_pattern=\u00a0\u00bbwithout_pattern\u00a0\u00bb el_class=\u00a0\u00bbsection-padded bg-orange\u00a0\u00bb z_index=\u00a0\u00bb\u00a0\u00bb el_id=\u00a0\u00bbgault-room\u00a0\u00bb][vc_column][vc_row_inner row_type=\u00a0\u00bbrow\u00a0\u00bb type=\u00a0\u00bbgrid\u00a0\u00bb text_align=\u00a0\u00bbleft\u00a0\u00bb css_animation=\u00a0\u00bb\u00a0\u00bb el_class=\u00a0\u00bbroom-row\u00a0\u00bb][vc_column_inner el_class=\u00a0\u00bbcol-photo\u00a0\u00bb width=\u00a0\u00bb7\/12&Prime;]<div class=\"qode-animation-holder element_from_left\"><div class=\"qode-animation-holder-inner\"  style=\"-webkit-animation-delay:.2s; animation-delay:.2s; -webkit-transition-delay:.2s; transition-delay:.2s\">[vc_single_image image=\u00a0\u00bb2043&Prime; img_size=\u00a0\u00bb700&#215;700&Prime; css=\u00a0\u00bb\u00a0\u00bb qode_css_animation=\u00a0\u00bb\u00a0\u00bb]<\/div><\/div>[\/vc_column_inner][vc_column_inner el_class=\u00a0\u00bbcol-text\u00a0\u00bb width=\u00a0\u00bb5\/12&Prime;]<div class=\"qode-animation-holder element_from_right\"><div class=\"qode-animation-holder-inner\"  style=\"-webkit-animation-delay:.4s; animation-delay:.4s; -webkit-transition-delay:.4s; transition-delay:.4s\">[vc_column_text css=\u00a0\u00bb\u00a0\u00bb]<\/p>\n<h2>Lofts<\/h2>\n<ul>\n<li>D\u2019une superficie de 350 \u00e0 470 pieds carr\u00e9s (32-44 m2)<\/li>\n<li>\u00c9quip\u00e9s de lits Flou<\/li>\n<li>Une literie en coton italien sign\u00e9e Casa Rovea<\/li>\n<li>L\u2019acc\u00e8s gratuit au wifi<\/li>\n<li>Une salle de bain ouverte au plancher chauffant<\/li>\n<li>Les produits d\u2019accueil locaux Ruby Brown offerts<\/li>\n<\/ul>\n<p>[\/vc_column_text]<\/div><\/div><div class=\"qode-accordion-holder clearfix qode-toggle qode-initial \">\n\t<h4 class=\"clearfix qode-title-holder\">\n<span class=\"qode-tab-title\">\n\t    <span class=\"qode-tab-title-inner\">\n        D\u00c9COUVRIR LES LOFTS    <\/span>\n<\/span>\n<span class=\"qode-accordion-mark\">\n    <span class=\"qode-accordion-mark-icon\">\n        <span class=\"icon_plus\"><\/span>\n        <span class=\"icon_minus-06\"><\/span>\n    <\/span>\n<\/span>\n<\/h4>\n<div  class=\"qode-accordion-content \" >\n    <div class=\"qode-accordion-content-inner\">\n        [vc_column_text]<a href=\"https:\/\/hotelgault.com\/fr\/rooms\/lofts\/loft\/\">Loft<\/a><br \/>\n<a href=\"https:\/\/hotelgault.com\/fr\/rooms\/lofts\/loft-d-angle\/\">Loft d&rsquo;angle<\/a><br \/>\n<a href=\"https:\/\/hotelgault.com\/fr\/rooms\/lofts\/loft-deluxe\/\">Loft Deluxe<\/a>[\/vc_column_text]    <\/div>\n<\/div><\/div>[\/vc_column_inner][\/vc_row_inner][vc_row_inner row_type=\u00a0\u00bbrow\u00a0\u00bb type=\u00a0\u00bbgrid\u00a0\u00bb text_align=\u00a0\u00bbleft\u00a0\u00bb css_animation=\u00a0\u00bb\u00a0\u00bb el_class=\u00a0\u00bbroom-row\u00a0\u00bb][vc_column_inner el_class=\u00a0\u00bbcol-photo\u00a0\u00bb width=\u00a0\u00bb7\/12&Prime;]<div class=\"qode-animation-holder element_from_left\"><div class=\"qode-animation-holder-inner\"  style=\"-webkit-animation-delay:.2s; animation-delay:.2s; -webkit-transition-delay:.2s; transition-delay:.2s\">[vc_single_image image=\u00a0\u00bb2046&Prime; img_size=\u00a0\u00bb700&#215;700&Prime; css=\u00a0\u00bb\u00a0\u00bb qode_css_animation=\u00a0\u00bb\u00a0\u00bb]<\/div><\/div>[\/vc_column_inner][vc_column_inner el_class=\u00a0\u00bbcol-text\u00a0\u00bb width=\u00a0\u00bb5\/12&Prime;]<div class=\"qode-animation-holder element_from_right\"><div class=\"qode-animation-holder-inner\"  style=\"-webkit-animation-delay:.4s; animation-delay:.4s; -webkit-transition-delay:.4s; transition-delay:.4s\">[vc_column_text css=\u00a0\u00bb\u00a0\u00bb]<\/p>\n<h2>Suites<\/h2>\n<ul>\n<li>D\u2019une superficie de 430 \u00e0 575 pieds carr\u00e9s (40-53 m2)<\/li>\n<li>\u00c9quip\u00e9es d&rsquo;un lit Flou<\/li>\n<li>Une literie en coton italien sign\u00e9e Casa Rovea<\/li>\n<li>Un espace bureau et l&rsquo;acc\u00e8s gratuit au wifi<\/li>\n<li>Une salle de bain avec plancher chauffant<\/li>\n<li>Les produits d\u2019accueil locaux Ruby Brown offerts<\/li>\n<\/ul>\n<p>[\/vc_column_text]<\/div><\/div><div class=\"qode-accordion-holder clearfix qode-toggle qode-initial \">\n\t<h4 class=\"clearfix qode-title-holder\">\n<span class=\"qode-tab-title\">\n\t    <span class=\"qode-tab-title-inner\">\n        D\u00c9COUVRIR LES SUITES    <\/span>\n<\/span>\n<span class=\"qode-accordion-mark\">\n    <span class=\"qode-accordion-mark-icon\">\n        <span class=\"icon_plus\"><\/span>\n        <span class=\"icon_minus-06\"><\/span>\n    <\/span>\n<\/span>\n<\/h4>\n<div  class=\"qode-accordion-content \" >\n    <div class=\"qode-accordion-content-inner\">\n        [vc_column_text]<a href=\"https:\/\/hotelgault.com\/fr\/rooms\/suites\/suite-d-angle\/\">Suite d&rsquo;angle<\/a><br \/>\n<a href=\"https:\/\/hotelgault.com\/fr\/rooms\/suites\/suite-junior\/\">Suite Junior<\/a><br \/>\n<a href=\"https:\/\/hotelgault.com\/fr\/rooms\/suites\/suite-deluxe\/\">Suite Deluxe<\/a>[\/vc_column_text]    <\/div>\n<\/div><\/div>[\/vc_column_inner][\/vc_row_inner][vc_row_inner row_type=\u00a0\u00bbrow\u00a0\u00bb type=\u00a0\u00bbgrid\u00a0\u00bb text_align=\u00a0\u00bbleft\u00a0\u00bb css_animation=\u00a0\u00bb\u00a0\u00bb el_class=\u00a0\u00bbroom-row\u00a0\u00bb][vc_column_inner el_class=\u00a0\u00bbcol-photo\u00a0\u00bb width=\u00a0\u00bb7\/12&Prime;]<div class=\"qode-animation-holder element_from_left\"><div class=\"qode-animation-holder-inner\"  style=\"-webkit-animation-delay:.2s; animation-delay:.2s; -webkit-transition-delay:.2s; transition-delay:.2s\">[vc_single_image image=\u00a0\u00bb2050&Prime; img_size=\u00a0\u00bb700&#215;700&Prime; css=\u00a0\u00bb\u00a0\u00bb qode_css_animation=\u00a0\u00bb\u00a0\u00bb]<\/div><\/div>[\/vc_column_inner][vc_column_inner el_class=\u00a0\u00bbcol-text\u00a0\u00bb width=\u00a0\u00bb5\/12&Prime;]<div class=\"qode-animation-holder element_from_right\"><div class=\"qode-animation-holder-inner\"  style=\"-webkit-animation-delay:.4s; animation-delay:.4s; -webkit-transition-delay:.4s; transition-delay:.4s\">[vc_column_text css=\u00a0\u00bb\u00a0\u00bb]<\/p>\n<h2>Suites-Terrasses<\/h2>\n<ul>\n<li>Une terrasse priv\u00e9e ou semi-priv\u00e9e avec vues imprenables<\/li>\n<li>Une superficie de 400 ou 600 pieds carr\u00e9s (37 ou 53 m2)<\/li>\n<li>\u00c9quip\u00e9es d\u2019un lit Flou<\/li>\n<li>Une literie en coton italien sign\u00e9e Casa Rovea<\/li>\n<li>Un espace bureau et l&rsquo;acc\u00e8s gratuit au wifi<\/li>\n<li>Une salle de bain avec plancher chauffant<\/li>\n<li>Les produits d\u2019accueil locaux Ruby Brown offerts<\/li>\n<\/ul>\n<p>[\/vc_column_text]<\/div><\/div><div class=\"qode-accordion-holder clearfix qode-toggle qode-initial \">\n\t<h4 class=\"clearfix qode-title-holder\">\n<span class=\"qode-tab-title\">\n\t    <span class=\"qode-tab-title-inner\">\n        D\u00c9COUVRIR LES SUITES TERRASSES    <\/span>\n<\/span>\n<span class=\"qode-accordion-mark\">\n    <span class=\"qode-accordion-mark-icon\">\n        <span class=\"icon_plus\"><\/span>\n        <span class=\"icon_minus-06\"><\/span>\n    <\/span>\n<\/span>\n<\/h4>\n<div  class=\"qode-accordion-content \" >\n    <div class=\"qode-accordion-content-inner\">\n        [vc_column_text]<a href=\"https:\/\/hotelgault.com\/fr\/rooms\/terrace-suites\/loft-terrasse\/\">Loft Terrasse<\/a><br \/>\n<a href=\"https:\/\/hotelgault.com\/fr\/rooms\/terrace-suites\/terrasse-deluxe\/\">Terrasse Deluxe<\/a><br \/>\n<a href=\"https:\/\/hotelgault.com\/fr\/rooms\/terrace-suites\/terrasse-gault\/\">Terrasse Gault<\/a>[\/vc_column_text]    <\/div>\n<\/div><\/div>[\/vc_column_inner][\/vc_row_inner][vc_row_inner row_type=\u00a0\u00bbrow\u00a0\u00bb type=\u00a0\u00bbgrid\u00a0\u00bb text_align=\u00a0\u00bbleft\u00a0\u00bb css_animation=\u00a0\u00bb\u00a0\u00bb el_class=\u00a0\u00bbroom-row\u00a0\u00bb][vc_column_inner el_class=\u00a0\u00bbcol-photo\u00a0\u00bb width=\u00a0\u00bb7\/12&Prime;]<div class=\"qode-animation-holder element_from_left\"><div class=\"qode-animation-holder-inner\"  style=\"-webkit-animation-delay:.2s; animation-delay:.2s; -webkit-transition-delay:.2s; transition-delay:.2s\">[vc_single_image image=\u00a0\u00bb2048&Prime; img_size=\u00a0\u00bb700&#215;700&Prime; css=\u00a0\u00bb\u00a0\u00bb qode_css_animation=\u00a0\u00bb\u00a0\u00bb]<\/div><\/div>[\/vc_column_inner][vc_column_inner el_class=\u00a0\u00bbcol-text\u00a0\u00bb width=\u00a0\u00bb5\/12&Prime;]<div class=\"qode-animation-holder element_from_right\"><div class=\"qode-animation-holder-inner\"  style=\"-webkit-animation-delay:.4s; animation-delay:.4s; -webkit-transition-delay:.4s; transition-delay:.4s\">[vc_column_text css=\u00a0\u00bb\u00a0\u00bb]<\/p>\n<h2>Appartements<\/h2>\n<ul>\n<li>D\u2019une superficie de 750 et 1020 pieds carr\u00e9s respectivement (70 et 95 m2)<\/li>\n<li>Un lit Flou de format King<\/li>\n<li>Une literie en coton italien sign\u00e9e Casa Rovea<\/li>\n<li>Un espace bureau et l&rsquo;acc\u00e8s gratuit au wifi<\/li>\n<li>Deux t\u00e9l\u00e9viseurs ACL (55\u2033 et 40\u2033)<\/li>\n<li>Une salle de bain avec baignoire, douche de plain-pied et plancher chauffant<\/li>\n<li>Les produits d&rsquo;accueil locaux Ruby Brown offerts<\/li>\n<\/ul>\n<p>[\/vc_column_text]<\/div><\/div><div class=\"qode-accordion-holder clearfix qode-toggle qode-initial \">\n\t<h4 class=\"clearfix qode-title-holder\">\n<span class=\"qode-tab-title\">\n\t    <span class=\"qode-tab-title-inner\">\n        D\u00c9COUVRIR LES APPARTEMENTS    <\/span>\n<\/span>\n<span class=\"qode-accordion-mark\">\n    <span class=\"qode-accordion-mark-icon\">\n        <span class=\"icon_plus\"><\/span>\n        <span class=\"icon_minus-06\"><\/span>\n    <\/span>\n<\/span>\n<\/h4>\n<div  class=\"qode-accordion-content \" >\n    <div class=\"qode-accordion-content-inner\">\n        [vc_column_text]<a href=\"https:\/\/hotelgault.com\/fr\/rooms\/apartments\/apartment\/\">Appartement<\/a><br \/>\n<a href=\"https:\/\/hotelgault.com\/fr\/rooms\/apartments\/appartement-deluxe\/\">Appartement Deluxe<\/a>[\/vc_column_text]    <\/div>\n<\/div><\/div>[\/vc_column_inner][\/vc_row_inner][\/vc_column][\/vc_row][vc_row css_animation=\u00a0\u00bb\u00a0\u00bb row_type=\u00a0\u00bbrow\u00a0\u00bb use_row_as_full_screen_section=\u00a0\u00bbno\u00a0\u00bb type=\u00a0\u00bbfull_width\u00a0\u00bb angled_section=\u00a0\u00bbno\u00a0\u00bb text_align=\u00a0\u00bbleft\u00a0\u00bb background_image_as_pattern=\u00a0\u00bbwithout_pattern\u00a0\u00bb][vc_column][vc_column_text]<div class=\"wpb-content-wrapper\"><p>[vc_row css_animation=\u00a0\u00bb\u00a0\u00bb row_type=\u00a0\u00bbrow\u00a0\u00bb use_row_as_full_screen_section=\u00a0\u00bbno\u00a0\u00bb type=\u00a0\u00bbfull_width\u00a0\u00bb angled_section=\u00a0\u00bbno\u00a0\u00bb text_align=\u00a0\u00bbleft\u00a0\u00bb background_image_as_pattern=\u00a0\u00bbwithout_pattern\u00a0\u00bb el_class=\u00a0\u00bbsection-padded bg-indigo text-white\u00a0\u00bb z_index=\u00a0\u00bb\u00a0\u00bb el_id=\u00a0\u00bbcta-bar\u00a0\u00bb][vc_column][vc_row_inner row_type=\u00a0\u00bbrow\u00a0\u00bb type=\u00a0\u00bbgrid\u00a0\u00bb text_align=\u00a0\u00bbleft\u00a0\u00bb css_animation=\u00a0\u00bb\u00a0\u00bb][vc_column_inner el_class=\u00a0\u00bbcol-text\u00a0\u00bb width=\u00a0\u00bb1\/3&Prime;]<div class=\"qode-animation-holder element_from_left\"><div class=\"qode-animation-holder-inner\"  style=\"-webkit-animation-delay:.2s; animation-delay:.2s; -webkit-transition-delay:.2s; transition-delay:.2s\">[vc_column_text]<\/p>\n<h2>Promotions<\/h2>\n<p>Venez nous voir quand vous \u00eates pr\u00eats et r\u00e9servez en toute s\u00e9curit\u00e9 avec une politique d\u2019annulation flexible et des offres exclusives.[\/vc_column_text]<\/div><\/div><div class=\"qode-animation-holder element_from_bottom\"><div class=\"qode-animation-holder-inner\"  style=\"-webkit-animation-delay:.5s; animation-delay:.5s; -webkit-transition-delay:.5s; transition-delay:.5s\"><a  itemprop=\"url\" href=\"\/fr\/promotions\/\" target=\"_self\"  class=\"qbutton  white default\" style=\"\">En savoir plus<\/a><\/div><\/div>[\/vc_column_inner][vc_column_inner width=\u00a0\u00bb1\/12&Prime;][vc_empty_space][\/vc_column_inner][vc_column_inner el_class=\u00a0\u00bbcol-photo\u00a0\u00bb width=\u00a0\u00bb7\/12&Prime;]<div class=\"qode-animation-holder element_from_fade\"><div class=\"qode-animation-holder-inner\"  style=\"-webkit-animation-delay:.4s; animation-delay:.4s; -webkit-transition-delay:.4s; transition-delay:.4s\">[vc_single_image image=\u00a0\u00bb669&Prime; img_size=\u00a0\u00bbfull\u00a0\u00bb qode_css_animation=\u00a0\u00bb\u00a0\u00bb]<\/div><\/div>[\/vc_column_inner][\/vc_row_inner][\/vc_column][\/vc_row]<\/p>\n<\/div><!-- AddThis Advanced Settings generic via filter on the_content --><!-- AddThis Share Buttons generic via filter on the_content -->[\/vc_column_text][\/vc_column][\/vc_row]<\/p>\n<\/div>","protected":false},"excerpt":{"rendered":"<p><!-- AddThis Advanced Settings generic via filter on get_the_excerpt --><!-- AddThis Share Buttons generic via filter on get_the_excerpt --><\/p>\n","protected":false},"author":1,"featured_media":0,"parent":0,"menu_order":0,"comment_status":"closed","ping_status":"open","template":"full_width.php","meta":{"_acf_changed":false,"footnotes":""},"class_list":["post-196","page","type-page","status-publish","hentry"],"acf":[],"_links":{"self":[{"href":"https:\/\/hotelgault.com\/fr\/wp-json\/wp\/v2\/pages\/196","targetHints":{"allow":["GET"]}}],"collection":[{"href":"https:\/\/hotelgault.com\/fr\/wp-json\/wp\/v2\/pages"}],"about":[{"href":"https:\/\/hotelgault.com\/fr\/wp-json\/wp\/v2\/types\/page"}],"author":[{"embeddable":true,"href":"https:\/\/hotelgault.com\/fr\/wp-json\/wp\/v2\/users\/1"}],"replies":[{"embeddable":true,"href":"https:\/\/hotelgault.com\/fr\/wp-json\/wp\/v2\/comments?post=196"}],"version-history":[{"count":0,"href":"https:\/\/hotelgault.com\/fr\/wp-json\/wp\/v2\/pages\/196\/revisions"}],"wp:attachment":[{"href":"https:\/\/hotelgault.com\/fr\/wp-json\/wp\/v2\/media?parent=196"}],"curies":[{"name":"wp","href":"https:\/\/api.w.org\/{rel}","templated":true}]}}