{"id":199,"date":"2022-05-10T05:37:40","date_gmt":"2022-05-10T05:37:40","guid":{"rendered":"https:\/\/hotelgault.com\/?page_id=199"},"modified":"2024-06-05T14:56:17","modified_gmt":"2024-06-05T14:56:17","slug":"promotions","status":"publish","type":"page","link":"https:\/\/hotelgault.com\/fr\/promotions\/","title":{"rendered":"Promotions"},"content":{"rendered":"<div class=\"wpb-content-wrapper\"><p>[vc_row css_animation=\u00a0\u00bb\u00a0\u00bb row_type=\u00a0\u00bbrow\u00a0\u00bb use_row_as_full_screen_section=\u00a0\u00bbno\u00a0\u00bb type=\u00a0\u00bbfull_width\u00a0\u00bb angled_section=\u00a0\u00bbno\u00a0\u00bb text_align=\u00a0\u00bbleft\u00a0\u00bb background_image_as_pattern=\u00a0\u00bbwithout_pattern\u00a0\u00bb el_class=\u00a0\u00bbpage-banner\u00a0\u00bb z_index=\u00a0\u00bb\u00a0\u00bb][vc_column]\n\t\t\t<!-- START Banner  Promo REVOLUTION SLIDER 6.7.38 --><p class=\"rs-p-wp-fix\"><\/p>\n\t\t\t<rs-module-wrap id=\"rev_slider_7_1_wrapper\" data-source=\"gallery\" style=\"visibility:hidden;background:transparent;padding:0;\">\n\t\t\t\t<rs-module id=\"rev_slider_7_1\" style=\"\" data-version=\"6.7.38\">\n\t\t\t\t\t<rs-slides style=\"overflow: hidden; position: absolute;\">\n\t\t\t\t\t\t<rs-slide style=\"position: absolute;\" data-key=\"rs-7\" data-title=\"Slide\" data-anim=\"adpr:false;\" data-in=\"o:0;\" data-out=\"a:false;\">\n\t\t\t\t\t\t\t<img decoding=\"async\" src=\"\/\/hotelgault.com\/wp-content\/plugins\/revslider\/sr6\/assets\/assets\/dummy.png\" alt=\"valentine&#039;s day room customization\" title=\"valentine&rsquo;s day room customization\" width=\"1920\" height=\"1080\" class=\"rev-slidebg tp-rs-img rs-lazyload\" data-lazyload=\"\/\/hotelgault.com\/wp-content\/uploads\/2024\/07\/SLIDERS-SITE-MONVILLE-1.png\" data-panzoom=\"d:4000ms;e:sine.inOut;ss:110%;se:100;bs:0px;os:0px\/0;oe:0\/0px;\" data-no-retina>\n<!---->\t\t\t\t\t<\/rs-slide>\n\t\t\t\t\t<\/rs-slides>\n\t\t\t\t<\/rs-module>\n\t\t\t\t<script>\n\t\t\t\t\tsetREVStartSize({c: 'rev_slider_7_1',rl:[1240,1024,778,480],el:[900],gw:[1240],gh:[900],type:'hero',justify:'',layout:'fullscreen',offsetContainer:'',offset:'',mh:\"0\"});if (window.RS_MODULES!==undefined && window.RS_MODULES.modules!==undefined && window.RS_MODULES.modules[\"revslider71\"]!==undefined) {window.RS_MODULES.modules[\"revslider71\"].once = false;window.revapi7 = undefined;if (window.RS_MODULES.checkMinimal!==undefined) window.RS_MODULES.checkMinimal()}\n\t\t\t\t<\/script>\n\t\t\t<\/rs-module-wrap>\n\t\t\t<!-- END REVOLUTION SLIDER -->\n[\/vc_column][\/vc_row][vc_row css_animation=\u00a0\u00bb\u00a0\u00bb row_type=\u00a0\u00bbrow\u00a0\u00bb use_row_as_full_screen_section=\u00a0\u00bbno\u00a0\u00bb type=\u00a0\u00bbgrid\u00a0\u00bb angled_section=\u00a0\u00bbno\u00a0\u00bb text_align=\u00a0\u00bbleft\u00a0\u00bb background_image_as_pattern=\u00a0\u00bbwithout_pattern\u00a0\u00bb el_class=\u00a0\u00bbbanner-text\u00a0\u00bb z_index=\u00a0\u00bb\u00a0\u00bb][vc_column width=\u00a0\u00bb5\/12&Prime;][\/vc_column][vc_column width=\u00a0\u00bb7\/12&Prime;]<div class=\"qode-animation-holder element_from_top\"><div class=\"qode-animation-holder-inner\"  style=\"-webkit-animation-delay:.2s; animation-delay:.2s; -webkit-transition-delay:.2s; transition-delay:.2s\">[vc_column_text]<\/p>\n<h1>Forfaits et Promotions<\/h1>\n<p>[\/vc_column_text]<\/div><\/div>[vc_empty_space height=\u00a0\u00bb30px\u00a0\u00bb]<div class=\"qode-animation-holder element_from_right\"><div class=\"qode-animation-holder-inner\"  style=\"-webkit-animation-delay:.4s; animation-delay:.4s; -webkit-transition-delay:.4s; transition-delay:.4s\">[vc_column_text]Voyez ci-dessous nos offres sp\u00e9ciales afin de d\u00e9couvrir tous les avantages de l\u2019H\u00f4tel Gault :[\/vc_column_text]<\/div><\/div>[vc_empty_space height=\u00a0\u00bb30px\u00a0\u00bb]<div class=\"qode-animation-holder element_from_right\"><div class=\"qode-animation-holder-inner\"  style=\"-webkit-animation-delay:.4s; animation-delay:.4s; -webkit-transition-delay:.4s; transition-delay:.4s\"><a  itemprop=\"url\" href=\"mailto:ventes@hotelgault.com\" target=\"_self\"  class=\"qbutton  default\" style=\"\">Contactez-nous<\/a>[vc_empty_space height=\u00a0\u00bb30px\u00a0\u00bb]<a  itemprop=\"url\" href=\"tel:+15149041616\" target=\"_self\"  class=\"qbutton  default\" style=\"\">Appelez-nous<\/a>[vc_empty_space height=\u00a0\u00bb30px\u00a0\u00bb]<a  itemprop=\"url\" href=\"https:\/\/m.me\/192457167434579\" target=\"_self\"  class=\"qbutton  default\" style=\"\">Clavardez en direct<\/a><\/div><\/div>[\/vc_column][\/vc_row][vc_row css_animation=\u00a0\u00bb\u00a0\u00bb row_type=\u00a0\u00bbrow\u00a0\u00bb use_row_as_full_screen_section=\u00a0\u00bbno\u00a0\u00bb type=\u00a0\u00bbgrid\u00a0\u00bb angled_section=\u00a0\u00bbno\u00a0\u00bb text_align=\u00a0\u00bbleft\u00a0\u00bb background_image_as_pattern=\u00a0\u00bbwithout_pattern\u00a0\u00bb el_class=\u00a0\u00bbsection-padded bottom-only\u00a0\u00bb z_index=\u00a0\u00bb\u00a0\u00bb el_id=\u00a0\u00bbpost-grid\u00a0\u00bb][vc_column css_animation=\u00a0\u00bbfadeIn\u00a0\u00bb][vc_column_text]<div class=\"pt-cv-wrapper\"><div class=\"pt-cv-view pt-cv-grid pt-cv-colsys pt-cv-same-height pt-cv-pgregular\" id=\"pt-cv-view-a8487a91d3\"><div data-id=\"pt-cv-page-1\" class=\"pt-cv-page\" data-cvc=\"3\" data-cvct=\"3\" data-cvcm=\"1\"><div class=\"col-md-4 col-sm-4 col-xs-12 pt-cv-content-item pt-cv-1-col\"  data-pid=\"1928\"><div class='pt-cv-ifield'>\t\t\r\n        <a href=\"https:\/\/hotelgault.com\/fr\/programme-aeroplan\/\" class=\"_self pt-cv-href-thumbnail pt-cv-thumb-default cvplbd cvp-responsive-image img-none\" target=\"_self\" data-iw=\"370\" data-ih=\"250\"><img loading=\"lazy\" decoding=\"async\" width=\"1920\" height=\"1080\" src=\"https:\/\/hotelgault.com\/wp-content\/uploads\/2025\/07\/LOBBY.png\" class=\"pt-cv-thumbnail img-none skip-lazy \" alt=\"Programme Aeroplan\" data-no-lazy=\"1\" \/><\/a>        <h4 class=\"pt-cv-title\"><a href=\"https:\/\/hotelgault.com\/fr\/programme-aeroplan\/\" class=\"_self cvplbd\" target=\"_self\" data-iw=\"370\" data-ih=\"250\">Programme Aeroplan<\/a><\/h4>        <div class=\"pt-cv-content\">Gagnez des points Aeroplan en s\u00e9journant \u00e0 l\u2019H\u00f4tel Gault ! ...<br \/><div class=\"pt-cv-rmwrap\"><a href=\"https:\/\/hotelgault.com\/fr\/programme-aeroplan\/\" class=\"_self pt-cv-readmore btn btn-success cvplbd\" target=\"_self\" data-iw=\"370\" data-ih=\"250\">D\u00e9tails<\/a><\/div><\/div> \r\n        <div class=\"pt-cv-ctf-list\" data-cvc=\"1\"><div class=\"col-md-12 pt-cv-ctf-column\"><div class=\"pt-cv-custom-fields pt-cv-ctf-booknow_link\"><div class=\"pt-cv-ctf-value\"><a class=\"qbutton default for-en\" href=\"https:\/\/be.synxis.com\/?Hotel=53824&amp;locale=fr-FR\" target=\"_blank\" rel=\"noopener\">Book Now<\/a><a class=\"qbutton default for-fr\" href=\"https:\/\/be.synxis.com\/?Hotel=53824&amp;locale=fr-FR\" target=\"_blank\" rel=\"noopener\">R\u00e9servez<\/a><\/div><\/div><\/div><\/div>                \r\n\t\t<\/div><\/div>\n<div class=\"col-md-4 col-sm-4 col-xs-12 pt-cv-content-item pt-cv-1-col\"  data-pid=\"1527\"><div class='pt-cv-ifield'>\t\t\r\n        <a href=\"https:\/\/hotelgault.com\/fr\/forfait-fierte\/\" class=\"_self pt-cv-href-thumbnail pt-cv-thumb-default cvplbd cvp-responsive-image img-none\" target=\"_self\" data-iw=\"370\" data-ih=\"250\"><img loading=\"lazy\" decoding=\"async\" width=\"1640\" height=\"924\" src=\"https:\/\/hotelgault.com\/wp-content\/uploads\/2024\/06\/Banniere-Infolettre-2.png\" class=\"pt-cv-thumbnail img-none skip-lazy \" alt=\"Preferred Pride H\u00f4tel Gault Montreal\" data-no-lazy=\"1\" \/><\/a>        <h4 class=\"pt-cv-title\"><a href=\"https:\/\/hotelgault.com\/fr\/forfait-fierte\/\" class=\"_self cvplbd\" target=\"_self\" data-iw=\"370\" data-ih=\"250\">Forfait Fiert\u00e9<\/a><\/h4>        <div class=\"pt-cv-content\">C\u00e9l\u00e9brez la diversit\u00e9, l\u2019inclusion et l\u2019acceptation avec 15% de rabais et 50$ de cr\u00e9dit ! ...<br \/><div class=\"pt-cv-rmwrap\"><a href=\"https:\/\/hotelgault.com\/fr\/forfait-fierte\/\" class=\"_self pt-cv-readmore btn btn-success cvplbd\" target=\"_self\" data-iw=\"370\" data-ih=\"250\">D\u00e9tails<\/a><\/div><\/div> \r\n        <div class=\"pt-cv-ctf-list\" data-cvc=\"1\"><div class=\"col-md-12 pt-cv-ctf-column\"><div class=\"pt-cv-custom-fields pt-cv-ctf-booknow_link\"><div class=\"pt-cv-ctf-value\"><a class=\"qbutton default for-en\" href=\"https:\/\/be.synxis.com\/?Hotel=53824&amp;locale=fr-FR&amp;promo=mktpde\" target=\"_blank\" rel=\"noopener\">Book Now<\/a><a class=\"qbutton default for-fr\" href=\"https:\/\/be.synxis.com\/?Hotel=53824&amp;locale=fr-FR&amp;promo=mktpde\" target=\"_blank\" rel=\"noopener\">R\u00e9servez<\/a><\/div><\/div><\/div><\/div>                \r\n\t\t<\/div><\/div>\n<div class=\"col-md-4 col-sm-4 col-xs-12 pt-cv-content-item pt-cv-1-col\"  data-pid=\"831\"><div class='pt-cv-ifield'>\t\t\r\n        <a href=\"https:\/\/hotelgault.com\/fr\/scandinave-spa\/\" class=\"_self pt-cv-href-thumbnail pt-cv-thumb-default cvplbd cvp-responsive-image img-none\" target=\"_self\" data-iw=\"370\" data-ih=\"250\"><img loading=\"lazy\" decoding=\"async\" width=\"2560\" height=\"1707\" src=\"https:\/\/hotelgault.com\/wp-content\/uploads\/2024\/04\/SA201897-scaled.jpg\" class=\"pt-cv-thumbnail img-none skip-lazy \" alt=\"Scandinave Spa Vieux-Montr\u00e9al\" data-no-lazy=\"1\" \/><\/a>        <h4 class=\"pt-cv-title\"><a href=\"https:\/\/hotelgault.com\/fr\/scandinave-spa\/\" class=\"_self cvplbd\" target=\"_self\" data-iw=\"370\" data-ih=\"250\">Scandinave Spa, Vieux-Montr\u00e9al<\/a><\/h4>        <div class=\"pt-cv-content\">Situ\u00e9 au coeur du Vieux-Montr\u00e9al, Scandinave Spa a su pr\u00e9server les traditions des bains scandinaves ...<br \/><div class=\"pt-cv-rmwrap\"><a href=\"https:\/\/hotelgault.com\/fr\/scandinave-spa\/\" class=\"_self pt-cv-readmore btn btn-success cvplbd\" target=\"_self\" data-iw=\"370\" data-ih=\"250\">D\u00e9tails<\/a><\/div><\/div> \r\n        <div class=\"pt-cv-ctf-list\" data-cvc=\"1\"><\/div>                \r\n\t\t<\/div><\/div>\n<div class=\"col-md-4 col-sm-4 col-xs-12 pt-cv-content-item pt-cv-1-col\"  data-pid=\"1017\"><div class='pt-cv-ifield'>\t\t\r\n        <a href=\"https:\/\/hotelgault.com\/fr\/restez-plus-et-economisez\/\" class=\"_self pt-cv-href-thumbnail pt-cv-thumb-default cvplbd cvp-responsive-image img-none\" target=\"_self\" data-iw=\"370\" data-ih=\"250\"><img loading=\"lazy\" decoding=\"async\" width=\"1920\" height=\"1080\" src=\"https:\/\/hotelgault.com\/wp-content\/uploads\/2023\/05\/PROMO-SAVE-MORE.png\" class=\"pt-cv-thumbnail img-none skip-lazy \" alt=\"Restez Plus &amp; \u00c9conomisez\" data-no-lazy=\"1\" \/><\/a>        <h4 class=\"pt-cv-title\"><a href=\"https:\/\/hotelgault.com\/fr\/restez-plus-et-economisez\/\" class=\"_self cvplbd\" target=\"_self\" data-iw=\"370\" data-ih=\"250\">Restez Plus &#038; \u00c9conomisez<\/a><\/h4>        <div class=\"pt-cv-content\">Restez plus longtemps et obtenez 15 % de r\u00e9duction sur notre tarif flexible! ...<br \/><div class=\"pt-cv-rmwrap\"><a href=\"https:\/\/hotelgault.com\/fr\/restez-plus-et-economisez\/\" class=\"_self pt-cv-readmore btn btn-success cvplbd\" target=\"_self\" data-iw=\"370\" data-ih=\"250\">D\u00e9tails<\/a><\/div><\/div> \r\n        <div class=\"pt-cv-ctf-list\" data-cvc=\"1\"><div class=\"col-md-12 pt-cv-ctf-column\"><div class=\"pt-cv-custom-fields pt-cv-ctf-booknow_link\"><div class=\"pt-cv-ctf-value\"><a class=\"qbutton default for-en\" href=\"https:\/\/be.synxis.com\/?Hotel=53824&amp;locale=fr-FR&amp;promo=staymore&amp;nights=5\" target=\"_blank\" rel=\"noopener\">Book Now<\/a><a class=\"qbutton default for-fr\" href=\"https:\/\/be.synxis.com\/?Hotel=53824&amp;locale=fr-FR&amp;promo=staymore&amp;nights=5\" target=\"_blank\" rel=\"noopener\">R\u00e9servez<\/a><\/div><\/div><\/div><\/div>                \r\n\t\t<\/div><\/div>\n<div class=\"col-md-4 col-sm-4 col-xs-12 pt-cv-content-item pt-cv-1-col\"  data-pid=\"727\"><div class='pt-cv-ifield'>\t\t\r\n        <a href=\"https:\/\/hotelgault.com\/fr\/preferred-curations\/\" class=\"_self pt-cv-href-thumbnail pt-cv-thumb-default cvplbd cvp-responsive-image img-none\" target=\"_self\" data-iw=\"370\" data-ih=\"250\"><img loading=\"lazy\" decoding=\"async\" width=\"1920\" height=\"1080\" src=\"https:\/\/hotelgault.com\/wp-content\/uploads\/2022\/12\/TEMPLATE-BANNER-SITE-GAULT.png\" class=\"pt-cv-thumbnail img-none skip-lazy \" alt=\"Forfait Bota Bota Spa-sur-l&#039;eau\" data-no-lazy=\"1\" \/><\/a>        <h4 class=\"pt-cv-title\"><a href=\"https:\/\/hotelgault.com\/fr\/preferred-curations\/\" class=\"_self cvplbd\" target=\"_self\" data-iw=\"370\" data-ih=\"250\">Forfait Bota Bota Spa-sur-l&rsquo;eau<\/a><\/h4>        <div class=\"pt-cv-content\">Meilleur tarif disponible et circuits d'eau inclus sur le spa-sur-l'eau Bota Bota ...<br \/><div class=\"pt-cv-rmwrap\"><a href=\"https:\/\/hotelgault.com\/fr\/preferred-curations\/\" class=\"_self pt-cv-readmore btn btn-success cvplbd\" target=\"_self\" data-iw=\"370\" data-ih=\"250\">D\u00e9tails<\/a><\/div><\/div> \r\n        <div class=\"pt-cv-ctf-list\" data-cvc=\"1\"><div class=\"col-md-12 pt-cv-ctf-column\"><div class=\"pt-cv-custom-fields pt-cv-ctf-booknow_link\"><div class=\"pt-cv-ctf-value\"><a class=\"qbutton default for-en\" href=\"https:\/\/be.synxis.com\/?Hotel=53824&amp;locale=fr-FR&amp;promo=BOTABOTA\" target=\"_blank\" rel=\"noopener\">Book Now<\/a><a class=\"qbutton default for-fr\" href=\"https:\/\/be.synxis.com\/?Hotel=53824&amp;locale=fr-FR&amp;promo=BOTABOTA\" target=\"_blank\" rel=\"noopener\">R\u00e9servez<\/a><\/div><\/div><\/div><\/div>                \r\n\t\t<\/div><\/div>\n<div class=\"col-md-4 col-sm-4 col-xs-12 pt-cv-content-item pt-cv-1-col\"  data-pid=\"362\"><div class='pt-cv-ifield'>\t\t\r\n        <a href=\"https:\/\/hotelgault.com\/fr\/preferred-bed-and-breakfast\/\" class=\"_self pt-cv-href-thumbnail pt-cv-thumb-default cvplbd cvp-responsive-image img-none\" target=\"_self\" data-iw=\"370\" data-ih=\"250\"><img loading=\"lazy\" decoding=\"async\" width=\"1707\" height=\"951\" src=\"https:\/\/hotelgault.com\/wp-content\/uploads\/2022\/06\/20200119-IMG_8342-scaled-e1655736757228.jpg\" class=\"pt-cv-thumbnail img-none skip-lazy \" alt=\"Forfait Petit-D\u00e9jeuner Inclus\" data-no-lazy=\"1\" \/><\/a>        <h4 class=\"pt-cv-title\"><a href=\"https:\/\/hotelgault.com\/fr\/preferred-bed-and-breakfast\/\" class=\"_self cvplbd\" target=\"_self\" data-iw=\"370\" data-ih=\"250\">Forfait Petit-D\u00e9jeuner Inclus<\/a><\/h4>        <div class=\"pt-cv-content\">Meilleur tarif disponible et d\u00e9licieux petit d\u00e9jeuner inclus ...<br \/><div class=\"pt-cv-rmwrap\"><a href=\"https:\/\/hotelgault.com\/fr\/preferred-bed-and-breakfast\/\" class=\"_self pt-cv-readmore btn btn-success cvplbd\" target=\"_self\" data-iw=\"370\" data-ih=\"250\">D\u00e9tails<\/a><\/div><\/div> \r\n        <div class=\"pt-cv-ctf-list\" data-cvc=\"1\"><div class=\"col-md-12 pt-cv-ctf-column\"><div class=\"pt-cv-custom-fields pt-cv-ctf-booknow_link\"><div class=\"pt-cv-ctf-value\"><a class=\"qbutton default for-en\" href=\"https:\/\/be.synxis.com\/?Hotel=53824&amp;locale=fr-FR&amp;promo=MKTGBB\" target=\"_blank\" rel=\"noopener\">Book Now<\/a><a class=\"qbutton default for-fr\" href=\"https:\/\/be.synxis.com\/?Hotel=53824&amp;locale=fr-FR&amp;promo=MKTGBB\" target=\"_blank\" rel=\"noopener\">R\u00e9servez<\/a><\/div><\/div><\/div><\/div>                \r\n\t\t<\/div><\/div>\n<div class=\"col-md-4 col-sm-4 col-xs-12 pt-cv-content-item pt-cv-1-col\"  data-pid=\"356\"><div class='pt-cv-ifield'>\t\t\r\n        <a href=\"https:\/\/hotelgault.com\/fr\/sejour-suite\/\" class=\"_self pt-cv-href-thumbnail pt-cv-thumb-default cvplbd cvp-responsive-image img-none\" target=\"_self\" data-iw=\"370\" data-ih=\"250\"><img loading=\"lazy\" decoding=\"async\" width=\"1920\" height=\"1080\" src=\"https:\/\/hotelgault.com\/wp-content\/uploads\/2022\/06\/4L8A6411-e1655734614726.jpg\" class=\"pt-cv-thumbnail img-none skip-lazy \" alt=\"S\u00e9jour en suite\" data-no-lazy=\"1\" \/><\/a>        <h4 class=\"pt-cv-title\"><a href=\"https:\/\/hotelgault.com\/fr\/sejour-suite\/\" class=\"_self cvplbd\" target=\"_self\" data-iw=\"370\" data-ih=\"250\">S\u00e9jour en suite<\/a><\/h4>        <div class=\"pt-cv-content\">S\u00e9journez 2 nuits minimum dans l'une de nos plus belles suites et profitez de 20% de r\u00e9duction! ...<br \/><div class=\"pt-cv-rmwrap\"><a href=\"https:\/\/hotelgault.com\/fr\/sejour-suite\/\" class=\"_self pt-cv-readmore btn btn-success cvplbd\" target=\"_self\" data-iw=\"370\" data-ih=\"250\">D\u00e9tails<\/a><\/div><\/div> \r\n        <div class=\"pt-cv-ctf-list\" data-cvc=\"1\"><div class=\"col-md-12 pt-cv-ctf-column\"><div class=\"pt-cv-custom-fields pt-cv-ctf-booknow_link\"><div class=\"pt-cv-ctf-value\"><a class=\"qbutton default for-en\" href=\"https:\/\/be.synxis.com\/?Hotel=53824&amp;locale=fr-FR&amp;promo=MKTSD&amp;nights=2\" target=\"_blank\" rel=\"noopener\">Book Now<\/a><a class=\"qbutton default for-fr\" href=\"https:\/\/be.synxis.com\/?Hotel=53824&amp;locale=fr-FR&amp;promo=MKTSD&amp;nights=2\" target=\"_blank\" rel=\"noopener\">R\u00e9servez<\/a><\/div><\/div><\/div><\/div>                \r\n\t\t<\/div><\/div><\/div><\/div><\/div>\t\t\t<style type=\"text\/css\" id=\"pt-cv-inline-style-f9fae2581x\">#pt-cv-view-a8487a91d3 .pt-cv-title a, #pt-cv-view-a8487a91d3  .panel-title { font-weight: 600 !important; }\n#pt-cv-view-a8487a91d3 .pt-cv-readmore  { color: #ffffff !important; background-color: #00aeef !important; }\n#pt-cv-view-a8487a91d3 .pt-cv-readmore:hover  { color: #ffffff !important; background-color: #00aeef !important; }\n#pt-cv-view-a8487a91d3  + .pt-cv-pagination-wrapper .pt-cv-more , #pt-cv-view-a8487a91d3  + .pt-cv-pagination-wrapper .pagination .active a, .pt-cv-pagination[data-sid='a8487a91d3'] .active a { color: #ffffff !important; background-color: #00aeef !important; }\n#pt-cv-view-a8487a91d3 .cvp-responsive-image[style*=\"background-image\"] { width: 370px; max-height: 250px; overflow: hidden; aspect-ratio: 1.48 }\n#pt-cv-view-a8487a91d3 .cvp-responsive-image img { max-width: 370px; max-height: 250px; aspect-ratio: 1.48 }<\/style>\r\n\t\t\t[\/vc_column_text][\/vc_column][\/vc_row][vc_row css_animation=\u00a0\u00bb\u00a0\u00bb row_type=\u00a0\u00bbrow\u00a0\u00bb use_row_as_full_screen_section=\u00a0\u00bbno\u00a0\u00bb type=\u00a0\u00bbfull_width\u00a0\u00bb angled_section=\u00a0\u00bbno\u00a0\u00bb text_align=\u00a0\u00bbleft\u00a0\u00bb background_image_as_pattern=\u00a0\u00bbwithout_pattern\u00a0\u00bb el_class=\u00a0\u00bbsection-padded bg-green text-white\u00a0\u00bb z_index=\u00a0\u00bb\u00a0\u00bb el_id=\u00a0\u00bbcta-bar\u00a0\u00bb][vc_column][vc_row_inner row_type=\u00a0\u00bbrow\u00a0\u00bb type=\u00a0\u00bbgrid\u00a0\u00bb text_align=\u00a0\u00bbleft\u00a0\u00bb css_animation=\u00a0\u00bb\u00a0\u00bb][vc_column_inner el_class=\u00a0\u00bbcol-text\u00a0\u00bb width=\u00a0\u00bb1\/3&Prime;]<div class=\"qode-animation-holder element_from_left\"><div class=\"qode-animation-holder-inner\"  style=\"-webkit-animation-delay:.2s; animation-delay:.2s; -webkit-transition-delay:.2s; transition-delay:.2s\">[vc_column_text]<\/p>\n<h2>Chambres<\/h2>\n<p>Du plus grand confort et d\u2019une \u00e9l\u00e9gance tout europ\u00e9enne, nos chambres offrent des espaces variant de 350 \u00e0 1020 pieds carr\u00e9s (32-95 m2). D\u00e9couvrez-les ici.[\/vc_column_text]<\/div><\/div><div class=\"qode-animation-holder element_from_bottom\"><div class=\"qode-animation-holder-inner\"  style=\"-webkit-animation-delay:.5s; animation-delay:.5s; -webkit-transition-delay:.5s; transition-delay:.5s\"><a  itemprop=\"url\" href=\"\/fr\/rooms\/\" target=\"_self\"  class=\"qbutton  white default\" style=\"\">En savoir plus<\/a><\/div><\/div>[\/vc_column_inner][vc_column_inner width=\u00a0\u00bb1\/12&Prime;][vc_empty_space][\/vc_column_inner][vc_column_inner el_class=\u00a0\u00bbcol-photo\u00a0\u00bb width=\u00a0\u00bb7\/12&Prime;]<div class=\"qode-animation-holder element_from_fade\"><div class=\"qode-animation-holder-inner\"  style=\"-webkit-animation-delay:.4s; animation-delay:.4s; -webkit-transition-delay:.4s; transition-delay:.4s\">[vc_single_image image=\u00a0\u00bb675&Prime; img_size=\u00a0\u00bbfull\u00a0\u00bb qode_css_animation=\u00a0\u00bb\u00a0\u00bb]<\/div><\/div>[\/vc_column_inner][\/vc_row_inner][\/vc_column][\/vc_row]<\/p>\n<\/div><!-- AddThis Advanced Settings generic via filter on the_content --><!-- AddThis Share Buttons generic via filter on the_content -->","protected":false},"excerpt":{"rendered":"<p>[vc_row css_animation=\u00a0\u00bb\u00a0\u00bb row_type=\u00a0\u00bbrow\u00a0\u00bb use_row_as_full_screen_section=\u00a0\u00bbno\u00a0\u00bb type=\u00a0\u00bbfull_width\u00a0\u00bb angled_section=\u00a0\u00bbno\u00a0\u00bb text_align=\u00a0\u00bbleft\u00a0\u00bb background_image_as_pattern=\u00a0\u00bbwithout_pattern\u00a0\u00bb el_class=\u00a0\u00bbpage-banner\u00a0\u00bb z_index=\u00a0\u00bb\u00a0\u00bb][vc_column][\/vc_column][\/vc_row][vc_row css_animation=\u00a0\u00bb\u00a0\u00bb row_type=\u00a0\u00bbrow\u00a0\u00bb use_row_as_full_screen_section=\u00a0\u00bbno\u00a0\u00bb type=\u00a0\u00bbgrid\u00a0\u00bb angled_section=\u00a0\u00bbno\u00a0\u00bb text_align=\u00a0\u00bbleft\u00a0\u00bb background_image_as_pattern=\u00a0\u00bbwithout_pattern\u00a0\u00bb el_class=\u00a0\u00bbbanner-text\u00a0\u00bb z_index=\u00a0\u00bb\u00a0\u00bb][vc_column width=\u00a0\u00bb5\/12&Prime;][\/vc_column][vc_column width=\u00a0\u00bb7\/12&Prime;][vc_empty_space height=\u00a0\u00bb30px\u00a0\u00bb][vc_empty_space height=\u00a0\u00bb30px\u00a0\u00bb][\/vc_column][\/vc_row][vc_row css_animation=\u00a0\u00bb\u00a0\u00bb row_type=\u00a0\u00bbrow\u00a0\u00bb use_row_as_full_screen_section=\u00a0\u00bbno\u00a0\u00bb type=\u00a0\u00bbgrid\u00a0\u00bb angled_section=\u00a0\u00bbno\u00a0\u00bb text_align=\u00a0\u00bbleft\u00a0\u00bb background_image_as_pattern=\u00a0\u00bbwithout_pattern\u00a0\u00bb el_class=\u00a0\u00bbsection-padded bottom-only\u00a0\u00bb z_index=\u00a0\u00bb\u00a0\u00bb el_id=\u00a0\u00bbpost-grid\u00a0\u00bb][vc_column css_animation=\u00a0\u00bbfadeIn\u00a0\u00bb][vc_column_text][\/vc_column_text][\/vc_column][\/vc_row][vc_row css_animation=\u00a0\u00bb\u00a0\u00bb row_type=\u00a0\u00bbrow\u00a0\u00bb use_row_as_full_screen_section=\u00a0\u00bbno\u00a0\u00bb type=\u00a0\u00bbfull_width\u00a0\u00bb angled_section=\u00a0\u00bbno\u00a0\u00bb text_align=\u00a0\u00bbleft\u00a0\u00bb background_image_as_pattern=\u00a0\u00bbwithout_pattern\u00a0\u00bb el_class=\u00a0\u00bbsection-padded bg-green text-white\u00a0\u00bb&#8230;<!-- AddThis Advanced Settings generic via filter on get_the_excerpt --><!-- AddThis Share Buttons generic via filter on get_the_excerpt --><\/p>\n","protected":false},"author":1,"featured_media":0,"parent":0,"menu_order":0,"comment_status":"closed","ping_status":"open","template":"full_width.php","meta":{"_acf_changed":false,"footnotes":""},"class_list":["post-199","page","type-page","status-publish","hentry"],"acf":[],"_links":{"self":[{"href":"https:\/\/hotelgault.com\/fr\/wp-json\/wp\/v2\/pages\/199","targetHints":{"allow":["GET"]}}],"collection":[{"href":"https:\/\/hotelgault.com\/fr\/wp-json\/wp\/v2\/pages"}],"about":[{"href":"https:\/\/hotelgault.com\/fr\/wp-json\/wp\/v2\/types\/page"}],"author":[{"embeddable":true,"href":"https:\/\/hotelgault.com\/fr\/wp-json\/wp\/v2\/users\/1"}],"replies":[{"embeddable":true,"href":"https:\/\/hotelgault.com\/fr\/wp-json\/wp\/v2\/comments?post=199"}],"version-history":[{"count":0,"href":"https:\/\/hotelgault.com\/fr\/wp-json\/wp\/v2\/pages\/199\/revisions"}],"wp:attachment":[{"href":"https:\/\/hotelgault.com\/fr\/wp-json\/wp\/v2\/media?parent=199"}],"curies":[{"name":"wp","href":"https:\/\/api.w.org\/{rel}","templated":true}]}}