{"id":378,"date":"2022-06-16T18:14:37","date_gmt":"2022-06-16T18:14:37","guid":{"rendered":"https:\/\/hotelgault.com\/?page_id=378"},"modified":"2022-06-16T18:41:49","modified_gmt":"2022-06-16T18:41:49","slug":"error-404","status":"publish","type":"page","link":"https:\/\/hotelgault.com\/fr\/error-404\/","title":{"rendered":"Error 404"},"content":{"rendered":"<div class=\"wpb-content-wrapper\"><p>[vc_row css_animation=\u00a0\u00bb\u00a0\u00bb row_type=\u00a0\u00bbrow\u00a0\u00bb use_row_as_full_screen_section=\u00a0\u00bbno\u00a0\u00bb type=\u00a0\u00bbgrid\u00a0\u00bb angled_section=\u00a0\u00bbno\u00a0\u00bb text_align=\u00a0\u00bbleft\u00a0\u00bb background_image_as_pattern=\u00a0\u00bbwithout_pattern\u00a0\u00bb el_class=\u00a0\u00bbbanner-text bg-indigo text-white\u00a0\u00bb z_index=\u00a0\u00bb\u00a0\u00bb][vc_column width=\u00a0\u00bb5\/12&Prime;][\/vc_column][vc_column width=\u00a0\u00bb7\/12&Prime;]<div class=\"qode-animation-holder element_from_top\"><div class=\"qode-animation-holder-inner\"  style=\"-webkit-animation-delay:.2s; animation-delay:.2s; -webkit-transition-delay:.2s; transition-delay:.2s\">[vc_column_text]<\/p>\n<h1>La page que vous recherchez est introuvable!<\/h1>\n<p>[\/vc_column_text]<\/div><\/div>[vc_empty_space height=\u00a0\u00bb30px\u00a0\u00bb]<div class=\"qode-animation-holder element_from_right\"><div class=\"qode-animation-holder-inner\"  style=\"-webkit-animation-delay:.4s; animation-delay:.4s; -webkit-transition-delay:.4s; transition-delay:.4s\">[vc_column_text]La page que vous recherchez n&rsquo;existe pas. La page peut \u00eatre d\u00e9plac\u00e9e. Veuillez retourner \u00e0 la page d&rsquo;accueil du site.[\/vc_column_text]<\/div><\/div>[vc_empty_space height=\u00a0\u00bb\u00a0\u00bb el_class=\u00a0\u00bbspacer-big\u00a0\u00bb]<div class=\"qode-animation-holder element_from_bottom\"><div class=\"qode-animation-holder-inner\"  style=\"-webkit-animation-delay:.5s; animation-delay:.5s; -webkit-transition-delay:.5s; transition-delay:.5s\"><a  itemprop=\"url\" href=\"https:\/\/hotelgault.com\/fr\/\" target=\"_self\"  class=\"qbutton  white default\" style=\"\">Retour \u00e0 la page d'accueil<\/a><\/div><\/div>[\/vc_column][\/vc_row]<\/p>\n<\/div><!-- AddThis Advanced Settings generic via filter on the_content --><!-- AddThis Share Buttons generic via filter on the_content -->","protected":false},"excerpt":{"rendered":"<p>[vc_row css_animation=\u00a0\u00bb\u00a0\u00bb row_type=\u00a0\u00bbrow\u00a0\u00bb use_row_as_full_screen_section=\u00a0\u00bbno\u00a0\u00bb type=\u00a0\u00bbgrid\u00a0\u00bb angled_section=\u00a0\u00bbno\u00a0\u00bb text_align=\u00a0\u00bbleft\u00a0\u00bb background_image_as_pattern=\u00a0\u00bbwithout_pattern\u00a0\u00bb el_class=\u00a0\u00bbbanner-text bg-indigo text-white\u00a0\u00bb z_index=\u00a0\u00bb\u00a0\u00bb][vc_column width=\u00a0\u00bb5\/12&Prime;][\/vc_column][vc_column width=\u00a0\u00bb7\/12&Prime;][vc_empty_space height=\u00a0\u00bb30px\u00a0\u00bb][vc_empty_space height=\u00a0\u00bb\u00a0\u00bb el_class=\u00a0\u00bbspacer-big\u00a0\u00bb][\/vc_column][\/vc_row]<!-- AddThis Advanced Settings generic via filter on get_the_excerpt --><!-- AddThis Share Buttons generic via filter on get_the_excerpt --><\/p>\n","protected":false},"author":1,"featured_media":0,"parent":0,"menu_order":0,"comment_status":"closed","ping_status":"open","template":"full_width.php","meta":{"_acf_changed":false,"footnotes":""},"class_list":["post-378","page","type-page","status-publish","hentry"],"acf":[],"_links":{"self":[{"href":"https:\/\/hotelgault.com\/fr\/wp-json\/wp\/v2\/pages\/378","targetHints":{"allow":["GET"]}}],"collection":[{"href":"https:\/\/hotelgault.com\/fr\/wp-json\/wp\/v2\/pages"}],"about":[{"href":"https:\/\/hotelgault.com\/fr\/wp-json\/wp\/v2\/types\/page"}],"author":[{"embeddable":true,"href":"https:\/\/hotelgault.com\/fr\/wp-json\/wp\/v2\/users\/1"}],"replies":[{"embeddable":true,"href":"https:\/\/hotelgault.com\/fr\/wp-json\/wp\/v2\/comments?post=378"}],"version-history":[{"count":0,"href":"https:\/\/hotelgault.com\/fr\/wp-json\/wp\/v2\/pages\/378\/revisions"}],"wp:attachment":[{"href":"https:\/\/hotelgault.com\/fr\/wp-json\/wp\/v2\/media?parent=378"}],"curies":[{"name":"wp","href":"https:\/\/api.w.org\/{rel}","templated":true}]}}