{"id":745,"date":"2022-12-13T20:25:18","date_gmt":"2022-12-13T20:25:18","guid":{"rendered":"https:\/\/hotelgault.com\/?page_id=745"},"modified":"2026-02-11T20:40:07","modified_gmt":"2026-02-11T20:40:07","slug":"join-us","status":"publish","type":"page","link":"https:\/\/hotelgault.com\/fr\/join-us\/","title":{"rendered":"Rejoignez-nous"},"content":{"rendered":"<div class=\"wpb-content-wrapper\"><p>[vc_row css_animation=\u00a0\u00bb\u00a0\u00bb row_type=\u00a0\u00bbrow\u00a0\u00bb use_row_as_full_screen_section=\u00a0\u00bbno\u00a0\u00bb type=\u00a0\u00bbfull_width\u00a0\u00bb angled_section=\u00a0\u00bbno\u00a0\u00bb text_align=\u00a0\u00bbleft\u00a0\u00bb background_image_as_pattern=\u00a0\u00bbwithout_pattern\u00a0\u00bb el_class=\u00a0\u00bbpage-banner\u00a0\u00bb z_index=\u00a0\u00bb\u00a0\u00bb][vc_column]\n\t\t\t<!-- START Banner  Careers REVOLUTION SLIDER 6.7.38 --><p class=\"rs-p-wp-fix\"><\/p>\n\t\t\t<rs-module-wrap id=\"rev_slider_2_1_wrapper\" data-source=\"gallery\" style=\"visibility:hidden;background:transparent;padding:0;\">\n\t\t\t\t<rs-module id=\"rev_slider_2_1\" style=\"\" data-version=\"6.7.38\">\n\t\t\t\t\t<rs-slides style=\"overflow: hidden; position: absolute;\">\n\t\t\t\t\t\t<rs-slide style=\"position: absolute;\" data-key=\"rs-2\" data-title=\"Slide\" data-anim=\"adpr:false;\" data-in=\"o:0;\" data-out=\"a:false;\">\n\t\t\t\t\t\t\t<img decoding=\"async\" src=\"\/\/hotelgault.com\/wp-content\/plugins\/revslider\/sr6\/assets\/assets\/dummy.png\" alt=\"\" title=\"3D4A7676\" width=\"2560\" height=\"1707\" class=\"rev-slidebg tp-rs-img rs-lazyload\" data-lazyload=\"\/\/hotelgault.com\/wp-content\/uploads\/2026\/02\/3D4A7676-scaled.jpg\" data-panzoom=\"d:4000ms;e:sine.inOut;ss:110%;se:100;bs:0px;os:0px\/0;oe:0\/0px;\" data-no-retina>\n<!---->\t\t\t\t\t<\/rs-slide>\n\t\t\t\t\t<\/rs-slides>\n\t\t\t\t<\/rs-module>\n\t\t\t\t<script>\n\t\t\t\t\tsetREVStartSize({c: 'rev_slider_2_1',rl:[1240,1024,778,480],el:[900],gw:[1240],gh:[900],type:'hero',justify:'',layout:'fullscreen',offsetContainer:'',offset:'',mh:\"0\"});if (window.RS_MODULES!==undefined && window.RS_MODULES.modules!==undefined && window.RS_MODULES.modules[\"revslider21\"]!==undefined) {window.RS_MODULES.modules[\"revslider21\"].once = false;window.revapi2 = undefined;if (window.RS_MODULES.checkMinimal!==undefined) window.RS_MODULES.checkMinimal()}\n\t\t\t\t<\/script>\n\t\t\t<\/rs-module-wrap>\n\t\t\t<!-- END REVOLUTION SLIDER -->\n[\/vc_column][\/vc_row][vc_row css_animation=\u00a0\u00bb\u00a0\u00bb row_type=\u00a0\u00bbrow\u00a0\u00bb use_row_as_full_screen_section=\u00a0\u00bbno\u00a0\u00bb type=\u00a0\u00bbgrid\u00a0\u00bb angled_section=\u00a0\u00bbno\u00a0\u00bb text_align=\u00a0\u00bbleft\u00a0\u00bb background_image_as_pattern=\u00a0\u00bbwithout_pattern\u00a0\u00bb el_class=\u00a0\u00bbbanner-text\u00a0\u00bb z_index=\u00a0\u00bb\u00a0\u00bb][vc_column width=\u00a0\u00bb7\/12&Prime;]<div class=\"qode-animation-holder element_from_top\"><div class=\"qode-animation-holder-inner\"  style=\"-webkit-animation-delay:.2s; animation-delay:.2s; -webkit-transition-delay:.2s; transition-delay:.2s\">[vc_column_text]<\/p>\n<h1>Rejoignez l&rsquo;\u00e9quipe Gault!<\/h1>\n<p>[\/vc_column_text]<\/div><\/div>[vc_empty_space height=\u00a0\u00bb30px\u00a0\u00bb]<a itemprop=\"url\" href=\"https:\/\/jobs.glowinthecloud.com\/hotelgault?l=fr\" target=\"_self\" class=\"qbutton  center default\" style=\"\" rel=\"noopener\">Nos offres d'emploi disponibles.<\/a>[\/vc_column][\/vc_row][vc_row css_animation=\u00a0\u00bb\u00a0\u00bb row_type=\u00a0\u00bbrow\u00a0\u00bb use_row_as_full_screen_section=\u00a0\u00bbno\u00a0\u00bb type=\u00a0\u00bbgrid\u00a0\u00bb angled_section=\u00a0\u00bbno\u00a0\u00bb text_align=\u00a0\u00bbleft\u00a0\u00bb background_image_as_pattern=\u00a0\u00bbwithout_pattern\u00a0\u00bb el_class=\u00a0\u00bbsection-padded bg-orange text-white\u00a0\u00bb z_index=\u00a0\u00bb\u00a0\u00bb background_color=\u00a0\u00bb#ffffff\u00a0\u00bb][vc_column css_animation=\u00a0\u00bbslideInUp\u00a0\u00bb width=\u00a0\u00bb5\/12&Prime; el_class=\u00a0\u00bbcol-vert-tab\u00a0\u00bb][vc_column_text]<\/p>\n<h2 style=\"color: #000000;\">Mission<\/h2>\n<p style=\"color: #000000;\">La mission de l&rsquo;H\u00f4tel Gault est d&rsquo;offrir des services h\u00f4teliers de haut niveau, o\u00f9 le savoir-faire et le savoir-\u00eatre s&rsquo;appuient sur les traditions du pass\u00e9 pour leurs qualit\u00e9s d&rsquo;accueil in\u00e9gal\u00e9es, et sur les nouvelles tendances pour impr\u00e9gner l&rsquo;exp\u00e9rience client d&rsquo;authenticit\u00e9 et d&rsquo;originalit\u00e9.<\/p>\n<p>[\/vc_column_text][\/vc_column][vc_column width=\u00a0\u00bb1\/12&Prime;][vc_empty_space][\/vc_column][vc_column width=\u00a0\u00bb6\/12&Prime;][vc_single_image image=\u00a0\u00bb683&Prime; img_size=\u00a0\u00bb700&#215;700&Prime; qode_css_animation=\u00a0\u00bb\u00a0\u00bb][\/vc_column][\/vc_row][vc_row css_animation=\u00a0\u00bb\u00a0\u00bb row_type=\u00a0\u00bbrow\u00a0\u00bb use_row_as_full_screen_section=\u00a0\u00bbno\u00a0\u00bb type=\u00a0\u00bbgrid\u00a0\u00bb angled_section=\u00a0\u00bbno\u00a0\u00bb text_align=\u00a0\u00bbleft\u00a0\u00bb background_image_as_pattern=\u00a0\u00bbwithout_pattern\u00a0\u00bb el_class=\u00a0\u00bbsection-padded bg-orange text-white\u00a0\u00bb z_index=\u00a0\u00bb\u00a0\u00bb background_color=\u00a0\u00bb#367b62&Prime;][vc_column css_animation=\u00a0\u00bbslideInUp\u00a0\u00bb width=\u00a0\u00bb6\/12&Prime; el_class=\u00a0\u00bbcol-vert-tab\u00a0\u00bb][vc_single_image image=\u00a0\u00bb2039&Prime; img_size=\u00a0\u00bbfull\u00a0\u00bb css=\u00a0\u00bb\u00a0\u00bb qode_css_animation=\u00a0\u00bb\u00a0\u00bb][\/vc_column][vc_column width=\u00a0\u00bb1\/12&Prime;][vc_empty_space][\/vc_column][vc_column width=\u00a0\u00bb5\/12&Prime;][vc_column_text]<\/p>\n<h2>Valeurs<\/h2>\n<ul>\n<li><strong>Engagement :<\/strong> Donner le meilleur, s&rsquo;aligner sur les valeurs, prendre des responsabilit\u00e9s, faire preuve de loyaut\u00e9 et d&rsquo;efforts.<\/li>\n<li><strong>Excellence :<\/strong> Chercher \u00e0 s&rsquo;am\u00e9liorer constamment, \u00eatre g\u00e9n\u00e9reux dans le service et donner l&rsquo;exemple.<\/li>\n<li><strong>Flexibilit\u00e9 :<\/strong> Faire des compromis, s&rsquo;adapter \u00e0 l&rsquo;impr\u00e9vu, appr\u00e9cier l&rsquo;innovation et \u00eatre polyvalent.<\/li>\n<li><strong>Collaboration :<\/strong> Agir en tant que membre d&rsquo;une \u00e9quipe, partager ses id\u00e9es avec enthousiasme et offrir son aide de mani\u00e8re proactive.<\/li>\n<li><strong>Initiative :<\/strong> Comprendre les proc\u00e9dures, anticiper les t\u00e2ches et prendre des mesures proactives, m\u00eame sans supervision.<\/li>\n<\/ul>\n<p>[\/vc_column_text][\/vc_column][\/vc_row][vc_row css_animation=\u00a0\u00bb\u00a0\u00bb row_type=\u00a0\u00bbrow\u00a0\u00bb use_row_as_full_screen_section=\u00a0\u00bbno\u00a0\u00bb type=\u00a0\u00bbgrid\u00a0\u00bb angled_section=\u00a0\u00bbno\u00a0\u00bb text_align=\u00a0\u00bbleft\u00a0\u00bb background_image_as_pattern=\u00a0\u00bbwithout_pattern\u00a0\u00bb el_class=\u00a0\u00bbsection-padded bg-orange text-white\u00a0\u00bb z_index=\u00a0\u00bb\u00a0\u00bb background_color=\u00a0\u00bb#ffffff\u00a0\u00bb][vc_column css_animation=\u00a0\u00bbslideInUp\u00a0\u00bb el_class=\u00a0\u00bbcol-vert-tab\u00a0\u00bb][vc_column_text]<\/p>\n<h2 style=\"color: #000000; text-align: center;\">FAQ<\/h2>\n<p>[\/vc_column_text][vc_empty_space]<div class=\"qode-accordion-holder clearfix qode-toggle qode-initial \">\n\t<h4 class=\"clearfix qode-title-holder\">\n<span class=\"qode-tab-title\">\n\t    <span class=\"qode-tab-title-inner\">\n        Quels sont les avantages offerts par l&#039;h\u00f4tel Gault ?    <\/span>\n<\/span>\n<span class=\"qode-accordion-mark\">\n    <span class=\"qode-accordion-mark-icon\">\n        <span class=\"icon_plus\"><\/span>\n        <span class=\"icon_minus-06\"><\/span>\n    <\/span>\n<\/span>\n<\/h4>\n<div  class=\"qode-accordion-content \" >\n    <div class=\"qode-accordion-content-inner\">\n        [vc_column_text]<\/p>\n<ul>\n<li style=\"color: #000000;\">Tarifs pr\u00e9f\u00e9rentiels pour les employ\u00e9s et leurs familles<\/li>\n<li style=\"color: #000000;\">Socialement responsable et inclusif<\/li>\n<li style=\"color: #000000;\">\u00c9v\u00e9nements internes<\/li>\n<li style=\"color: #000000;\">Assurance collective<\/li>\n<li style=\"color: #000000;\">Cong\u00e9 mobile<\/li>\n<li style=\"color: #000000;\">R\u00e9ductions accord\u00e9es par les partenaires touristiques et cartes Avantage Tourisme<\/li>\n<li style=\"color: #000000;\">Prime de r\u00e9f\u00e9rencement<\/li>\n<\/ul>\n<p>[\/vc_column_text]    <\/div>\n<\/div><\/div><div class=\"qode-accordion-holder clearfix qode-toggle qode-initial \">\n\t<h4 class=\"clearfix qode-title-holder\">\n<span class=\"qode-tab-title\">\n\t    <span class=\"qode-tab-title-inner\">\n        Qu&#039;est-ce que l&#039;h\u00f4tel Gault ?    <\/span>\n<\/span>\n<span class=\"qode-accordion-mark\">\n    <span class=\"qode-accordion-mark-icon\">\n        <span class=\"icon_plus\"><\/span>\n        <span class=\"icon_minus-06\"><\/span>\n    <\/span>\n<\/span>\n<\/h4>\n<div  class=\"qode-accordion-content \" >\n    <div class=\"qode-accordion-content-inner\">\n        [vc_column_text]<\/p>\n<p style=\"color: #000000;\">L&rsquo;h\u00f4tel Gault, \u00e9rig\u00e9 sur le site d&rsquo;un ancien magasin-entrep\u00f4t appartenant \u00e0 Andrew Frederick Gault, magnifie l&rsquo;histoire de son fondateur, un entrepreneur prosp\u00e8re du 19e si\u00e8cle au Canada. Construit en 1871 selon les plans de l&rsquo;architecte John James Browne, ce b\u00e2timent de cinq \u00e9tages avec toit mansard\u00e9 t\u00e9moigne de l&rsquo;opulence et de l&rsquo;\u00e9l\u00e9gance de l&rsquo;\u00e9poque, avec une architecture inspir\u00e9e du Second Empire et de la Renaissance. Apr\u00e8s des d\u00e9cennies de transformations et de changements de propri\u00e9taires, l&rsquo;immeuble est m\u00e9tamorphos\u00e9 dans les ann\u00e9es 1990 pour devenir un h\u00f4tel de luxe, ouvrant ses portes en juin 2002, tout en pr\u00e9servant son caract\u00e8re historique et son charme architectural remarquable.<\/p>\n<p>[\/vc_column_text]    <\/div>\n<\/div><\/div>[\/vc_column][\/vc_row][vc_row css_animation=\u00a0\u00bb\u00a0\u00bb row_type=\u00a0\u00bbrow\u00a0\u00bb use_row_as_full_screen_section=\u00a0\u00bbno\u00a0\u00bb type=\u00a0\u00bbgrid\u00a0\u00bb angled_section=\u00a0\u00bbno\u00a0\u00bb text_align=\u00a0\u00bbleft\u00a0\u00bb background_image_as_pattern=\u00a0\u00bbwithout_pattern\u00a0\u00bb el_class=\u00a0\u00bbsection-padded bg-orange text-white\u00a0\u00bb z_index=\u00a0\u00bb\u00a0\u00bb background_color=\u00a0\u00bb#367b62&Prime;][vc_column css_animation=\u00a0\u00bbslideInUp\u00a0\u00bb el_class=\u00a0\u00bbcol-vert-tab\u00a0\u00bb][vc_column_text]<\/p>\n<h2 style=\"text-align: center;\">L&rsquo;\u00e9quipe Gault<\/h2>\n<p>[\/vc_column_text][vc_empty_space][vc_empty_space][vc_gallery type=\u00a0\u00bbimage_grid\u00a0\u00bb images=\u00a0\u00bb1425,1421,1415,1411,1403,1868,1870,2037,2035,2032,2030,2028,2026,2024,2022&Prime; img_size=\u00a0\u00bb300&#215;300&Prime; onclick=\u00a0\u00bb\u00a0\u00bb css=\u00a0\u00bb\u00a0\u00bb column_number=\u00a0\u00bb5&Prime; grayscale=\u00a0\u00bbno\u00a0\u00bb images_space=\u00a0\u00bbgallery_without_space\u00a0\u00bb][\/vc_column][\/vc_row][vc_row css_animation=\u00a0\u00bb\u00a0\u00bb row_type=\u00a0\u00bbrow\u00a0\u00bb use_row_as_full_screen_section=\u00a0\u00bbno\u00a0\u00bb type=\u00a0\u00bbfull_width\u00a0\u00bb angled_section=\u00a0\u00bbno\u00a0\u00bb text_align=\u00a0\u00bbleft\u00a0\u00bb background_image_as_pattern=\u00a0\u00bbwithout_pattern\u00a0\u00bb el_class=\u00a0\u00bbsection-padded bg-indigo text-white\u00a0\u00bb z_index=\u00a0\u00bb\u00a0\u00bb el_id=\u00a0\u00bbcta-bar\u00a0\u00bb][vc_column][vc_row_inner row_type=\u00a0\u00bbrow\u00a0\u00bb type=\u00a0\u00bbgrid\u00a0\u00bb text_align=\u00a0\u00bbleft\u00a0\u00bb css_animation=\u00a0\u00bb\u00a0\u00bb][vc_column_inner el_class=\u00a0\u00bbcol-text\u00a0\u00bb width=\u00a0\u00bb1\/3&Prime;]<div class=\"qode-animation-holder element_from_left\"><div class=\"qode-animation-holder-inner\"  style=\"-webkit-animation-delay:.2s; animation-delay:.2s; -webkit-transition-delay:.2s; transition-delay:.2s\">[vc_column_text]<\/p>\n<h2>Presse<\/h2>\n<p>Pour toutes demandes de m\u00e9dia, retrouvez notre dossier de presse et nos coordonn\u00e9es de contact ici.<\/p>\n<p>APPELEZ-NOUS, \u00c9CRIVEZ-NOUS, MAIS SURTOUT, VENEZ NOUS VOIR! [\/vc_column_text]<\/div><\/div><div class=\"qode-animation-holder element_from_bottom\"><div class=\"qode-animation-holder-inner\"  style=\"-webkit-animation-delay:.6s; animation-delay:.6s; -webkit-transition-delay:.6s; transition-delay:.6s\"><a  itemprop=\"url\" href=\"\/fr\/blog\/\" target=\"_self\"  class=\"qbutton  white default\" style=\"\">Voir l\u2019offre<\/a><\/div><\/div>[\/vc_column_inner][vc_column_inner width=\u00a0\u00bb1\/12&Prime;][vc_empty_space][\/vc_column_inner][vc_column_inner el_class=\u00a0\u00bbcol-photo\u00a0\u00bb width=\u00a0\u00bb7\/12&Prime;]<div class=\"qode-animation-holder element_from_fade\"><div class=\"qode-animation-holder-inner\"  style=\"-webkit-animation-delay:.4s; animation-delay:.4s; -webkit-transition-delay:.4s; transition-delay:.4s\">[vc_single_image image=\u00a0\u00bb679&Prime; img_size=\u00a0\u00bbfull\u00a0\u00bb qode_css_animation=\u00a0\u00bb\u00a0\u00bb]<\/div><\/div>[\/vc_column_inner][\/vc_row_inner][\/vc_column][\/vc_row][vc_row css_animation=\u00a0\u00bb\u00a0\u00bb row_type=\u00a0\u00bbrow\u00a0\u00bb use_row_as_full_screen_section=\u00a0\u00bbno\u00a0\u00bb type=\u00a0\u00bbgrid\u00a0\u00bb angled_section=\u00a0\u00bbno\u00a0\u00bb text_align=\u00a0\u00bbleft\u00a0\u00bb background_image_as_pattern=\u00a0\u00bbwithout_pattern\u00a0\u00bb el_class=\u00a0\u00bbsection-padded bg-orange text-white\u00a0\u00bb z_index=\u00a0\u00bb\u00a0\u00bb][vc_column css_animation=\u00a0\u00bbslideInUp\u00a0\u00bb el_class=\u00a0\u00bbcol-vert-tab\u00a0\u00bb][\/vc_column][\/vc_row]<\/p>\n<\/div><!-- AddThis Advanced Settings generic via filter on the_content --><!-- AddThis Share Buttons generic via filter on the_content -->","protected":false},"excerpt":{"rendered":"<p>[vc_row css_animation=\u00a0\u00bb\u00a0\u00bb row_type=\u00a0\u00bbrow\u00a0\u00bb use_row_as_full_screen_section=\u00a0\u00bbno\u00a0\u00bb type=\u00a0\u00bbfull_width\u00a0\u00bb angled_section=\u00a0\u00bbno\u00a0\u00bb text_align=\u00a0\u00bbleft\u00a0\u00bb background_image_as_pattern=\u00a0\u00bbwithout_pattern\u00a0\u00bb el_class=\u00a0\u00bbpage-banner\u00a0\u00bb z_index=\u00a0\u00bb\u00a0\u00bb][vc_column][\/vc_column][\/vc_row][vc_row css_animation=\u00a0\u00bb\u00a0\u00bb row_type=\u00a0\u00bbrow\u00a0\u00bb use_row_as_full_screen_section=\u00a0\u00bbno\u00a0\u00bb type=\u00a0\u00bbgrid\u00a0\u00bb angled_section=\u00a0\u00bbno\u00a0\u00bb text_align=\u00a0\u00bbleft\u00a0\u00bb background_image_as_pattern=\u00a0\u00bbwithout_pattern\u00a0\u00bb el_class=\u00a0\u00bbbanner-text\u00a0\u00bb z_index=\u00a0\u00bb\u00a0\u00bb][vc_column width=\u00a0\u00bb7\/12&Prime;][vc_empty_space height=\u00a0\u00bb30px\u00a0\u00bb][\/vc_column][\/vc_row][vc_row css_animation=\u00a0\u00bb\u00a0\u00bb row_type=\u00a0\u00bbrow\u00a0\u00bb use_row_as_full_screen_section=\u00a0\u00bbno\u00a0\u00bb type=\u00a0\u00bbgrid\u00a0\u00bb angled_section=\u00a0\u00bbno\u00a0\u00bb text_align=\u00a0\u00bbleft\u00a0\u00bb background_image_as_pattern=\u00a0\u00bbwithout_pattern\u00a0\u00bb el_class=\u00a0\u00bbsection-padded bg-orange text-white\u00a0\u00bb z_index=\u00a0\u00bb\u00a0\u00bb background_color=\u00a0\u00bb#ffffff\u00a0\u00bb][vc_column css_animation=\u00a0\u00bbslideInUp\u00a0\u00bb width=\u00a0\u00bb5\/12&Prime; el_class=\u00a0\u00bbcol-vert-tab\u00a0\u00bb][vc_column_text] Mission La mission de l&rsquo;H\u00f4tel Gault est d&rsquo;offrir des&#8230;<!-- AddThis Advanced Settings generic via filter on get_the_excerpt --><!-- AddThis Share Buttons generic via filter on get_the_excerpt --><\/p>\n","protected":false},"author":2,"featured_media":0,"parent":0,"menu_order":0,"comment_status":"closed","ping_status":"open","template":"full_width.php","meta":{"_acf_changed":false,"footnotes":""},"class_list":["post-745","page","type-page","status-publish","hentry"],"acf":[],"_links":{"self":[{"href":"https:\/\/hotelgault.com\/fr\/wp-json\/wp\/v2\/pages\/745","targetHints":{"allow":["GET"]}}],"collection":[{"href":"https:\/\/hotelgault.com\/fr\/wp-json\/wp\/v2\/pages"}],"about":[{"href":"https:\/\/hotelgault.com\/fr\/wp-json\/wp\/v2\/types\/page"}],"author":[{"embeddable":true,"href":"https:\/\/hotelgault.com\/fr\/wp-json\/wp\/v2\/users\/2"}],"replies":[{"embeddable":true,"href":"https:\/\/hotelgault.com\/fr\/wp-json\/wp\/v2\/comments?post=745"}],"version-history":[{"count":0,"href":"https:\/\/hotelgault.com\/fr\/wp-json\/wp\/v2\/pages\/745\/revisions"}],"wp:attachment":[{"href":"https:\/\/hotelgault.com\/fr\/wp-json\/wp\/v2\/media?parent=745"}],"curies":[{"name":"wp","href":"https:\/\/api.w.org\/{rel}","templated":true}]}}